{"id":1310,"date":"2020-02-22T16:30:25","date_gmt":"2020-02-22T16:30:25","guid":{"rendered":"http:\/\/dreid.nl\/?post_type=product&#038;p=1310"},"modified":"2021-10-11T14:42:54","modified_gmt":"2021-10-11T14:42:54","slug":"zhencha-armored-reconnaissance-regiment-submachine-gun","status":"publish","type":"product","link":"https:\/\/dreid.nl\/?product=zhencha-armored-reconnaissance-regiment-submachine-gun","title":{"rendered":"Zh\u0113nch\u00e1, Armored Reconnaissance Regiment (Submachine Gun)"},"content":{"rendered":"<p>The Zh\u0113nch\u00e1 are the first to arrive in the area of operations, but by working with a frontline attack force like the Invincible Army, half the time they are already under hostile fire and exchanging gunfire before even knowing who the enemy is.<\/p>\n<p>They are not the Invincible Army for nothing. This Heavy Infantry will be in charge of protecting the advance of your troops, taking advantage of their Camouflage and Infiltration. With his Submachine Gun he will avoid threats from tough enemies, so that your <a href=\"https:\/\/store.corvusbelli.com\/wargames\/infinity\/starters\/invincible-army-yu-jing-sectorial-starter-pack\">Invincible Army<\/a> will win.<\/p>\n<p>Blister\u00a0contains:<\/p>\n<ul>\n<li>1x Zh\u0113nch\u00e1 (Forward Observer) (Submachine Gun)<\/li>\n<\/ul>\n","protected":false},"excerpt":{"rendered":"<p>The Zh\u0113nch\u00e1 are the first to arrive in the area of operations, but by working with a frontline attack force like the Invincible Army, half the time they are already under hostile fire and exchanging gunfire before even knowing who the enemy is. They are not the Invincible Army for nothing. This Heavy Infantry will [&hellip;]<\/p>\n","protected":false},"featured_media":1311,"template":"","meta":[],"product_brand":[],"product_cat":[65],"product_tag":[],"class_list":{"0":"post-1310","1":"product","2":"type-product","3":"status-publish","4":"has-post-thumbnail","6":"product_cat-yu-jing","8":"first","9":"onbackorder","10":"shipping-taxable","11":"purchasable","12":"product-type-simple","13":"czr-hentry"},"yoast_head":"<!-- This site is optimized with the Yoast SEO plugin v27.3 - https:\/\/yoast.com\/product\/yoast-seo-wordpress\/ -->\n<title>Zh\u0113nch\u00e1, Armored Reconnaissance Regiment (Submachine Gun) - DreiD BV<\/title>\n<meta name=\"robots\" content=\"index, follow, max-snippet:-1, max-image-preview:large, max-video-preview:-1\" \/>\n<link rel=\"canonical\" href=\"https:\/\/dreid.nl\/?product=zhencha-armored-reconnaissance-regiment-submachine-gun\" \/>\n<meta property=\"og:locale\" content=\"nl_NL\" \/>\n<meta property=\"og:type\" content=\"article\" \/>\n<meta property=\"og:title\" content=\"Zh\u0113nch\u00e1, Armored Reconnaissance Regiment (Submachine Gun) - DreiD BV\" \/>\n<meta property=\"og:description\" content=\"The Zh\u0113nch\u00e1 are the first to arrive in the area of operations, but by working with a frontline attack force like the Invincible Army, half the time they are already under hostile fire and exchanging gunfire before even knowing who the enemy is. They are not the Invincible Army for nothing. This Heavy Infantry will [&hellip;]\" \/>\n<meta property=\"og:url\" content=\"https:\/\/dreid.nl\/?product=zhencha-armored-reconnaissance-regiment-submachine-gun\" \/>\n<meta property=\"og:site_name\" content=\"DreiD BV\" \/>\n<meta property=\"article:publisher\" content=\"https:\/\/www.facebook.com\/DreiDBV\" \/>\n<meta property=\"article:modified_time\" content=\"2021-10-11T14:42:54+00:00\" \/>\n<meta property=\"og:image\" content=\"https:\/\/dreid.nl\/wp-content\/uploads\/2020\/02\/zhencha-submachine-gun-1.png\" \/>\n\t<meta property=\"og:image:width\" content=\"1296\" \/>\n\t<meta property=\"og:image:height\" content=\"972\" \/>\n\t<meta property=\"og:image:type\" content=\"image\/png\" \/>\n<meta name=\"twitter:card\" content=\"summary_large_image\" \/>\n<meta name=\"twitter:label1\" content=\"Verwachte leestijd\" \/>\n\t<meta name=\"twitter:data1\" content=\"1 minuut\" \/>\n<script type=\"application\/ld+json\" class=\"yoast-schema-graph\">{\"@context\":\"https:\\\/\\\/schema.org\",\"@graph\":[{\"@type\":\"WebPage\",\"@id\":\"https:\\\/\\\/dreid.nl\\\/?product=zhencha-armored-reconnaissance-regiment-submachine-gun\",\"url\":\"https:\\\/\\\/dreid.nl\\\/?product=zhencha-armored-reconnaissance-regiment-submachine-gun\",\"name\":\"Zh\u0113nch\u00e1, Armored Reconnaissance Regiment (Submachine Gun) - DreiD BV\",\"isPartOf\":{\"@id\":\"https:\\\/\\\/dreid.nl\\\/#website\"},\"primaryImageOfPage\":{\"@id\":\"https:\\\/\\\/dreid.nl\\\/?product=zhencha-armored-reconnaissance-regiment-submachine-gun#primaryimage\"},\"image\":{\"@id\":\"https:\\\/\\\/dreid.nl\\\/?product=zhencha-armored-reconnaissance-regiment-submachine-gun#primaryimage\"},\"thumbnailUrl\":\"https:\\\/\\\/dreid.nl\\\/wp-content\\\/uploads\\\/2020\\\/02\\\/zhencha-submachine-gun-1.png\",\"datePublished\":\"2020-02-22T16:30:25+00:00\",\"dateModified\":\"2021-10-11T14:42:54+00:00\",\"breadcrumb\":{\"@id\":\"https:\\\/\\\/dreid.nl\\\/?product=zhencha-armored-reconnaissance-regiment-submachine-gun#breadcrumb\"},\"inLanguage\":\"nl-NL\",\"potentialAction\":[{\"@type\":\"ReadAction\",\"target\":[\"https:\\\/\\\/dreid.nl\\\/?product=zhencha-armored-reconnaissance-regiment-submachine-gun\"]}]},{\"@type\":\"ImageObject\",\"inLanguage\":\"nl-NL\",\"@id\":\"https:\\\/\\\/dreid.nl\\\/?product=zhencha-armored-reconnaissance-regiment-submachine-gun#primaryimage\",\"url\":\"https:\\\/\\\/dreid.nl\\\/wp-content\\\/uploads\\\/2020\\\/02\\\/zhencha-submachine-gun-1.png\",\"contentUrl\":\"https:\\\/\\\/dreid.nl\\\/wp-content\\\/uploads\\\/2020\\\/02\\\/zhencha-submachine-gun-1.png\",\"width\":1296,\"height\":972},{\"@type\":\"BreadcrumbList\",\"@id\":\"https:\\\/\\\/dreid.nl\\\/?product=zhencha-armored-reconnaissance-regiment-submachine-gun#breadcrumb\",\"itemListElement\":[{\"@type\":\"ListItem\",\"position\":1,\"name\":\"Home\",\"item\":\"https:\\\/\\\/dreid.nl\\\/\"},{\"@type\":\"ListItem\",\"position\":2,\"name\":\"Shop\",\"item\":\"https:\\\/\\\/dreid.nl\\\/?page_id=170\"},{\"@type\":\"ListItem\",\"position\":3,\"name\":\"Zh\u0113nch\u00e1, Armored Reconnaissance Regiment (Submachine Gun)\"}]},{\"@type\":\"WebSite\",\"@id\":\"https:\\\/\\\/dreid.nl\\\/#website\",\"url\":\"https:\\\/\\\/dreid.nl\\\/\",\"name\":\"DreiD BV\",\"description\":\"3D printen en meer\",\"publisher\":{\"@id\":\"https:\\\/\\\/dreid.nl\\\/#organization\"},\"potentialAction\":[{\"@type\":\"SearchAction\",\"target\":{\"@type\":\"EntryPoint\",\"urlTemplate\":\"https:\\\/\\\/dreid.nl\\\/?s={search_term_string}\"},\"query-input\":{\"@type\":\"PropertyValueSpecification\",\"valueRequired\":true,\"valueName\":\"search_term_string\"}}],\"inLanguage\":\"nl-NL\"},{\"@type\":\"Organization\",\"@id\":\"https:\\\/\\\/dreid.nl\\\/#organization\",\"name\":\"DreiD B.V.\",\"url\":\"https:\\\/\\\/dreid.nl\\\/\",\"logo\":{\"@type\":\"ImageObject\",\"inLanguage\":\"nl-NL\",\"@id\":\"https:\\\/\\\/dreid.nl\\\/#\\\/schema\\\/logo\\\/image\\\/\",\"url\":\"http:\\\/\\\/dreid.nl\\\/wp-content\\\/uploads\\\/2017\\\/11\\\/cropped-logo-vierkant.png\",\"contentUrl\":\"http:\\\/\\\/dreid.nl\\\/wp-content\\\/uploads\\\/2017\\\/11\\\/cropped-logo-vierkant.png\",\"width\":512,\"height\":512,\"caption\":\"DreiD B.V.\"},\"image\":{\"@id\":\"https:\\\/\\\/dreid.nl\\\/#\\\/schema\\\/logo\\\/image\\\/\"},\"sameAs\":[\"https:\\\/\\\/www.facebook.com\\\/DreiDBV\"]}]}<\/script>\n<!-- \/ Yoast SEO plugin. -->","yoast_head_json":{"title":"Zh\u0113nch\u00e1, Armored Reconnaissance Regiment (Submachine Gun) - DreiD BV","robots":{"index":"index","follow":"follow","max-snippet":"max-snippet:-1","max-image-preview":"max-image-preview:large","max-video-preview":"max-video-preview:-1"},"canonical":"https:\/\/dreid.nl\/?product=zhencha-armored-reconnaissance-regiment-submachine-gun","og_locale":"nl_NL","og_type":"article","og_title":"Zh\u0113nch\u00e1, Armored Reconnaissance Regiment (Submachine Gun) - DreiD BV","og_description":"The Zh\u0113nch\u00e1 are the first to arrive in the area of operations, but by working with a frontline attack force like the Invincible Army, half the time they are already under hostile fire and exchanging gunfire before even knowing who the enemy is. They are not the Invincible Army for nothing. This Heavy Infantry will [&hellip;]","og_url":"https:\/\/dreid.nl\/?product=zhencha-armored-reconnaissance-regiment-submachine-gun","og_site_name":"DreiD BV","article_publisher":"https:\/\/www.facebook.com\/DreiDBV","article_modified_time":"2021-10-11T14:42:54+00:00","og_image":[{"width":1296,"height":972,"url":"https:\/\/dreid.nl\/wp-content\/uploads\/2020\/02\/zhencha-submachine-gun-1.png","type":"image\/png"}],"twitter_card":"summary_large_image","twitter_misc":{"Verwachte leestijd":"1 minuut"},"schema":{"@context":"https:\/\/schema.org","@graph":[{"@type":"WebPage","@id":"https:\/\/dreid.nl\/?product=zhencha-armored-reconnaissance-regiment-submachine-gun","url":"https:\/\/dreid.nl\/?product=zhencha-armored-reconnaissance-regiment-submachine-gun","name":"Zh\u0113nch\u00e1, Armored Reconnaissance Regiment (Submachine Gun) - DreiD BV","isPartOf":{"@id":"https:\/\/dreid.nl\/#website"},"primaryImageOfPage":{"@id":"https:\/\/dreid.nl\/?product=zhencha-armored-reconnaissance-regiment-submachine-gun#primaryimage"},"image":{"@id":"https:\/\/dreid.nl\/?product=zhencha-armored-reconnaissance-regiment-submachine-gun#primaryimage"},"thumbnailUrl":"https:\/\/dreid.nl\/wp-content\/uploads\/2020\/02\/zhencha-submachine-gun-1.png","datePublished":"2020-02-22T16:30:25+00:00","dateModified":"2021-10-11T14:42:54+00:00","breadcrumb":{"@id":"https:\/\/dreid.nl\/?product=zhencha-armored-reconnaissance-regiment-submachine-gun#breadcrumb"},"inLanguage":"nl-NL","potentialAction":[{"@type":"ReadAction","target":["https:\/\/dreid.nl\/?product=zhencha-armored-reconnaissance-regiment-submachine-gun"]}]},{"@type":"ImageObject","inLanguage":"nl-NL","@id":"https:\/\/dreid.nl\/?product=zhencha-armored-reconnaissance-regiment-submachine-gun#primaryimage","url":"https:\/\/dreid.nl\/wp-content\/uploads\/2020\/02\/zhencha-submachine-gun-1.png","contentUrl":"https:\/\/dreid.nl\/wp-content\/uploads\/2020\/02\/zhencha-submachine-gun-1.png","width":1296,"height":972},{"@type":"BreadcrumbList","@id":"https:\/\/dreid.nl\/?product=zhencha-armored-reconnaissance-regiment-submachine-gun#breadcrumb","itemListElement":[{"@type":"ListItem","position":1,"name":"Home","item":"https:\/\/dreid.nl\/"},{"@type":"ListItem","position":2,"name":"Shop","item":"https:\/\/dreid.nl\/?page_id=170"},{"@type":"ListItem","position":3,"name":"Zh\u0113nch\u00e1, Armored Reconnaissance Regiment (Submachine Gun)"}]},{"@type":"WebSite","@id":"https:\/\/dreid.nl\/#website","url":"https:\/\/dreid.nl\/","name":"DreiD BV","description":"3D printen en meer","publisher":{"@id":"https:\/\/dreid.nl\/#organization"},"potentialAction":[{"@type":"SearchAction","target":{"@type":"EntryPoint","urlTemplate":"https:\/\/dreid.nl\/?s={search_term_string}"},"query-input":{"@type":"PropertyValueSpecification","valueRequired":true,"valueName":"search_term_string"}}],"inLanguage":"nl-NL"},{"@type":"Organization","@id":"https:\/\/dreid.nl\/#organization","name":"DreiD B.V.","url":"https:\/\/dreid.nl\/","logo":{"@type":"ImageObject","inLanguage":"nl-NL","@id":"https:\/\/dreid.nl\/#\/schema\/logo\/image\/","url":"http:\/\/dreid.nl\/wp-content\/uploads\/2017\/11\/cropped-logo-vierkant.png","contentUrl":"http:\/\/dreid.nl\/wp-content\/uploads\/2017\/11\/cropped-logo-vierkant.png","width":512,"height":512,"caption":"DreiD B.V."},"image":{"@id":"https:\/\/dreid.nl\/#\/schema\/logo\/image\/"},"sameAs":["https:\/\/www.facebook.com\/DreiDBV"]}]}},"_links":{"self":[{"href":"https:\/\/dreid.nl\/index.php?rest_route=\/wp\/v2\/product\/1310","targetHints":{"allow":["GET"]}}],"collection":[{"href":"https:\/\/dreid.nl\/index.php?rest_route=\/wp\/v2\/product"}],"about":[{"href":"https:\/\/dreid.nl\/index.php?rest_route=\/wp\/v2\/types\/product"}],"wp:featuredmedia":[{"embeddable":true,"href":"https:\/\/dreid.nl\/index.php?rest_route=\/wp\/v2\/media\/1311"}],"wp:attachment":[{"href":"https:\/\/dreid.nl\/index.php?rest_route=%2Fwp%2Fv2%2Fmedia&parent=1310"}],"wp:term":[{"taxonomy":"product_brand","embeddable":true,"href":"https:\/\/dreid.nl\/index.php?rest_route=%2Fwp%2Fv2%2Fproduct_brand&post=1310"},{"taxonomy":"product_cat","embeddable":true,"href":"https:\/\/dreid.nl\/index.php?rest_route=%2Fwp%2Fv2%2Fproduct_cat&post=1310"},{"taxonomy":"product_tag","embeddable":true,"href":"https:\/\/dreid.nl\/index.php?rest_route=%2Fwp%2Fv2%2Fproduct_tag&post=1310"}],"curies":[{"name":"wp","href":"https:\/\/api.w.org\/{rel}","templated":true}]}}