{"id":1372,"date":"2020-05-05T08:03:01","date_gmt":"2020-05-05T08:03:01","guid":{"rendered":"http:\/\/dreid.nl\/?post_type=product&#038;p=1372"},"modified":"2021-10-19T18:47:55","modified_gmt":"2021-10-19T18:47:55","slug":"yu-jing-support-pack-2","status":"publish","type":"product","link":"https:\/\/dreid.nl\/?product=yu-jing-support-pack-2","title":{"rendered":"Yu Jing Support Pack"},"content":{"rendered":"<p>Mech-Engineers (Zhanshi G\u014dngch\u00e9ng) are the members of the technical assistance unit of the Mechanized Infantry sections of the Yu Jing armed forces and the Y\u012bsh\u0113ngs (Doctors) in the employ of the StateEmpire Army undergo military training just like any other Zhanshi.<\/p>\n<p>This box includes four miniatures: one Zhanshi G\u014dngch\u00e9ng and one Zhanshi Y\u012bsh\u0113ngs and two Y\u00e1oz\u0103o. This box is a great complement to the Yu Jing force of the <a href=\"http:\/\/dreid.nl\/?product=operation-kaldstrom\">Operation Kaldstrom<\/a>.<\/p>\n","protected":false},"excerpt":{"rendered":"<p>Mech-Engineers (Zhanshi G\u014dngch\u00e9ng) are the members of the technical assistance unit of the Mechanized Infantry sections of the Yu Jing armed forces and the Y\u012bsh\u0113ngs (Doctors) in the employ of the StateEmpire Army undergo military training just like any other Zhanshi. This box includes four miniatures: one Zhanshi G\u014dngch\u00e9ng and one Zhanshi Y\u012bsh\u0113ngs and two [&hellip;]<\/p>\n","protected":false},"featured_media":1373,"template":"","meta":[],"product_brand":[],"product_cat":[65],"product_tag":[],"class_list":{"0":"post-1372","1":"product","2":"type-product","3":"status-publish","4":"has-post-thumbnail","6":"product_cat-yu-jing","8":"first","9":"onbackorder","10":"shipping-taxable","11":"purchasable","12":"product-type-simple","13":"czr-hentry"},"yoast_head":"<!-- This site is optimized with the Yoast SEO plugin v27.3 - https:\/\/yoast.com\/product\/yoast-seo-wordpress\/ -->\n<title>Yu Jing Support Pack - DreiD BV<\/title>\n<meta name=\"robots\" content=\"index, follow, max-snippet:-1, max-image-preview:large, max-video-preview:-1\" \/>\n<link rel=\"canonical\" href=\"https:\/\/dreid.nl\/?product=yu-jing-support-pack-2\" \/>\n<meta property=\"og:locale\" content=\"nl_NL\" \/>\n<meta property=\"og:type\" content=\"article\" \/>\n<meta property=\"og:title\" content=\"Yu Jing Support Pack - DreiD BV\" \/>\n<meta property=\"og:description\" content=\"Mech-Engineers (Zhanshi G\u014dngch\u00e9ng) are the members of the technical assistance unit of the Mechanized Infantry sections of the Yu Jing armed forces and the Y\u012bsh\u0113ngs (Doctors) in the employ of the StateEmpire Army undergo military training just like any other Zhanshi. This box includes four miniatures: one Zhanshi G\u014dngch\u00e9ng and one Zhanshi Y\u012bsh\u0113ngs and two [&hellip;]\" \/>\n<meta property=\"og:url\" content=\"https:\/\/dreid.nl\/?product=yu-jing-support-pack-2\" \/>\n<meta property=\"og:site_name\" content=\"DreiD BV\" \/>\n<meta property=\"article:publisher\" content=\"https:\/\/www.facebook.com\/DreiDBV\" \/>\n<meta property=\"article:modified_time\" content=\"2021-10-19T18:47:55+00:00\" \/>\n<meta property=\"og:image\" content=\"https:\/\/dreid.nl\/wp-content\/uploads\/2020\/05\/281302-0729-Yu-Jing-Support-Pack_vista_conjunta.jpg\" \/>\n\t<meta property=\"og:image:width\" content=\"1500\" \/>\n\t<meta property=\"og:image:height\" content=\"1500\" \/>\n\t<meta property=\"og:image:type\" content=\"image\/jpeg\" \/>\n<meta name=\"twitter:card\" content=\"summary_large_image\" \/>\n<script type=\"application\/ld+json\" class=\"yoast-schema-graph\">{\"@context\":\"https:\\\/\\\/schema.org\",\"@graph\":[{\"@type\":\"WebPage\",\"@id\":\"https:\\\/\\\/dreid.nl\\\/?product=yu-jing-support-pack-2\",\"url\":\"https:\\\/\\\/dreid.nl\\\/?product=yu-jing-support-pack-2\",\"name\":\"Yu Jing Support Pack - DreiD BV\",\"isPartOf\":{\"@id\":\"https:\\\/\\\/dreid.nl\\\/#website\"},\"primaryImageOfPage\":{\"@id\":\"https:\\\/\\\/dreid.nl\\\/?product=yu-jing-support-pack-2#primaryimage\"},\"image\":{\"@id\":\"https:\\\/\\\/dreid.nl\\\/?product=yu-jing-support-pack-2#primaryimage\"},\"thumbnailUrl\":\"https:\\\/\\\/dreid.nl\\\/wp-content\\\/uploads\\\/2020\\\/05\\\/281302-0729-Yu-Jing-Support-Pack_vista_conjunta.jpg\",\"datePublished\":\"2020-05-05T08:03:01+00:00\",\"dateModified\":\"2021-10-19T18:47:55+00:00\",\"breadcrumb\":{\"@id\":\"https:\\\/\\\/dreid.nl\\\/?product=yu-jing-support-pack-2#breadcrumb\"},\"inLanguage\":\"nl-NL\",\"potentialAction\":[{\"@type\":\"ReadAction\",\"target\":[\"https:\\\/\\\/dreid.nl\\\/?product=yu-jing-support-pack-2\"]}]},{\"@type\":\"ImageObject\",\"inLanguage\":\"nl-NL\",\"@id\":\"https:\\\/\\\/dreid.nl\\\/?product=yu-jing-support-pack-2#primaryimage\",\"url\":\"https:\\\/\\\/dreid.nl\\\/wp-content\\\/uploads\\\/2020\\\/05\\\/281302-0729-Yu-Jing-Support-Pack_vista_conjunta.jpg\",\"contentUrl\":\"https:\\\/\\\/dreid.nl\\\/wp-content\\\/uploads\\\/2020\\\/05\\\/281302-0729-Yu-Jing-Support-Pack_vista_conjunta.jpg\",\"width\":1500,\"height\":1500},{\"@type\":\"BreadcrumbList\",\"@id\":\"https:\\\/\\\/dreid.nl\\\/?product=yu-jing-support-pack-2#breadcrumb\",\"itemListElement\":[{\"@type\":\"ListItem\",\"position\":1,\"name\":\"Home\",\"item\":\"https:\\\/\\\/dreid.nl\\\/\"},{\"@type\":\"ListItem\",\"position\":2,\"name\":\"Shop\",\"item\":\"https:\\\/\\\/dreid.nl\\\/?page_id=170\"},{\"@type\":\"ListItem\",\"position\":3,\"name\":\"Yu Jing Support Pack\"}]},{\"@type\":\"WebSite\",\"@id\":\"https:\\\/\\\/dreid.nl\\\/#website\",\"url\":\"https:\\\/\\\/dreid.nl\\\/\",\"name\":\"DreiD BV\",\"description\":\"3D printen en meer\",\"publisher\":{\"@id\":\"https:\\\/\\\/dreid.nl\\\/#organization\"},\"potentialAction\":[{\"@type\":\"SearchAction\",\"target\":{\"@type\":\"EntryPoint\",\"urlTemplate\":\"https:\\\/\\\/dreid.nl\\\/?s={search_term_string}\"},\"query-input\":{\"@type\":\"PropertyValueSpecification\",\"valueRequired\":true,\"valueName\":\"search_term_string\"}}],\"inLanguage\":\"nl-NL\"},{\"@type\":\"Organization\",\"@id\":\"https:\\\/\\\/dreid.nl\\\/#organization\",\"name\":\"DreiD B.V.\",\"url\":\"https:\\\/\\\/dreid.nl\\\/\",\"logo\":{\"@type\":\"ImageObject\",\"inLanguage\":\"nl-NL\",\"@id\":\"https:\\\/\\\/dreid.nl\\\/#\\\/schema\\\/logo\\\/image\\\/\",\"url\":\"http:\\\/\\\/dreid.nl\\\/wp-content\\\/uploads\\\/2017\\\/11\\\/cropped-logo-vierkant.png\",\"contentUrl\":\"http:\\\/\\\/dreid.nl\\\/wp-content\\\/uploads\\\/2017\\\/11\\\/cropped-logo-vierkant.png\",\"width\":512,\"height\":512,\"caption\":\"DreiD B.V.\"},\"image\":{\"@id\":\"https:\\\/\\\/dreid.nl\\\/#\\\/schema\\\/logo\\\/image\\\/\"},\"sameAs\":[\"https:\\\/\\\/www.facebook.com\\\/DreiDBV\"]}]}<\/script>\n<!-- \/ Yoast SEO plugin. -->","yoast_head_json":{"title":"Yu Jing Support Pack - DreiD BV","robots":{"index":"index","follow":"follow","max-snippet":"max-snippet:-1","max-image-preview":"max-image-preview:large","max-video-preview":"max-video-preview:-1"},"canonical":"https:\/\/dreid.nl\/?product=yu-jing-support-pack-2","og_locale":"nl_NL","og_type":"article","og_title":"Yu Jing Support Pack - DreiD BV","og_description":"Mech-Engineers (Zhanshi G\u014dngch\u00e9ng) are the members of the technical assistance unit of the Mechanized Infantry sections of the Yu Jing armed forces and the Y\u012bsh\u0113ngs (Doctors) in the employ of the StateEmpire Army undergo military training just like any other Zhanshi. This box includes four miniatures: one Zhanshi G\u014dngch\u00e9ng and one Zhanshi Y\u012bsh\u0113ngs and two [&hellip;]","og_url":"https:\/\/dreid.nl\/?product=yu-jing-support-pack-2","og_site_name":"DreiD BV","article_publisher":"https:\/\/www.facebook.com\/DreiDBV","article_modified_time":"2021-10-19T18:47:55+00:00","og_image":[{"width":1500,"height":1500,"url":"https:\/\/dreid.nl\/wp-content\/uploads\/2020\/05\/281302-0729-Yu-Jing-Support-Pack_vista_conjunta.jpg","type":"image\/jpeg"}],"twitter_card":"summary_large_image","schema":{"@context":"https:\/\/schema.org","@graph":[{"@type":"WebPage","@id":"https:\/\/dreid.nl\/?product=yu-jing-support-pack-2","url":"https:\/\/dreid.nl\/?product=yu-jing-support-pack-2","name":"Yu Jing Support Pack - DreiD BV","isPartOf":{"@id":"https:\/\/dreid.nl\/#website"},"primaryImageOfPage":{"@id":"https:\/\/dreid.nl\/?product=yu-jing-support-pack-2#primaryimage"},"image":{"@id":"https:\/\/dreid.nl\/?product=yu-jing-support-pack-2#primaryimage"},"thumbnailUrl":"https:\/\/dreid.nl\/wp-content\/uploads\/2020\/05\/281302-0729-Yu-Jing-Support-Pack_vista_conjunta.jpg","datePublished":"2020-05-05T08:03:01+00:00","dateModified":"2021-10-19T18:47:55+00:00","breadcrumb":{"@id":"https:\/\/dreid.nl\/?product=yu-jing-support-pack-2#breadcrumb"},"inLanguage":"nl-NL","potentialAction":[{"@type":"ReadAction","target":["https:\/\/dreid.nl\/?product=yu-jing-support-pack-2"]}]},{"@type":"ImageObject","inLanguage":"nl-NL","@id":"https:\/\/dreid.nl\/?product=yu-jing-support-pack-2#primaryimage","url":"https:\/\/dreid.nl\/wp-content\/uploads\/2020\/05\/281302-0729-Yu-Jing-Support-Pack_vista_conjunta.jpg","contentUrl":"https:\/\/dreid.nl\/wp-content\/uploads\/2020\/05\/281302-0729-Yu-Jing-Support-Pack_vista_conjunta.jpg","width":1500,"height":1500},{"@type":"BreadcrumbList","@id":"https:\/\/dreid.nl\/?product=yu-jing-support-pack-2#breadcrumb","itemListElement":[{"@type":"ListItem","position":1,"name":"Home","item":"https:\/\/dreid.nl\/"},{"@type":"ListItem","position":2,"name":"Shop","item":"https:\/\/dreid.nl\/?page_id=170"},{"@type":"ListItem","position":3,"name":"Yu Jing Support Pack"}]},{"@type":"WebSite","@id":"https:\/\/dreid.nl\/#website","url":"https:\/\/dreid.nl\/","name":"DreiD BV","description":"3D printen en meer","publisher":{"@id":"https:\/\/dreid.nl\/#organization"},"potentialAction":[{"@type":"SearchAction","target":{"@type":"EntryPoint","urlTemplate":"https:\/\/dreid.nl\/?s={search_term_string}"},"query-input":{"@type":"PropertyValueSpecification","valueRequired":true,"valueName":"search_term_string"}}],"inLanguage":"nl-NL"},{"@type":"Organization","@id":"https:\/\/dreid.nl\/#organization","name":"DreiD B.V.","url":"https:\/\/dreid.nl\/","logo":{"@type":"ImageObject","inLanguage":"nl-NL","@id":"https:\/\/dreid.nl\/#\/schema\/logo\/image\/","url":"http:\/\/dreid.nl\/wp-content\/uploads\/2017\/11\/cropped-logo-vierkant.png","contentUrl":"http:\/\/dreid.nl\/wp-content\/uploads\/2017\/11\/cropped-logo-vierkant.png","width":512,"height":512,"caption":"DreiD B.V."},"image":{"@id":"https:\/\/dreid.nl\/#\/schema\/logo\/image\/"},"sameAs":["https:\/\/www.facebook.com\/DreiDBV"]}]}},"_links":{"self":[{"href":"https:\/\/dreid.nl\/index.php?rest_route=\/wp\/v2\/product\/1372","targetHints":{"allow":["GET"]}}],"collection":[{"href":"https:\/\/dreid.nl\/index.php?rest_route=\/wp\/v2\/product"}],"about":[{"href":"https:\/\/dreid.nl\/index.php?rest_route=\/wp\/v2\/types\/product"}],"wp:featuredmedia":[{"embeddable":true,"href":"https:\/\/dreid.nl\/index.php?rest_route=\/wp\/v2\/media\/1373"}],"wp:attachment":[{"href":"https:\/\/dreid.nl\/index.php?rest_route=%2Fwp%2Fv2%2Fmedia&parent=1372"}],"wp:term":[{"taxonomy":"product_brand","embeddable":true,"href":"https:\/\/dreid.nl\/index.php?rest_route=%2Fwp%2Fv2%2Fproduct_brand&post=1372"},{"taxonomy":"product_cat","embeddable":true,"href":"https:\/\/dreid.nl\/index.php?rest_route=%2Fwp%2Fv2%2Fproduct_cat&post=1372"},{"taxonomy":"product_tag","embeddable":true,"href":"https:\/\/dreid.nl\/index.php?rest_route=%2Fwp%2Fv2%2Fproduct_tag&post=1372"}],"curies":[{"name":"wp","href":"https:\/\/api.w.org\/{rel}","templated":true}]}}