{"id":1860,"date":"2021-11-03T14:02:09","date_gmt":"2021-11-03T14:02:09","guid":{"rendered":"https:\/\/dreid.nl\/?post_type=product&#038;p=1860"},"modified":"2021-11-03T14:10:43","modified_gmt":"2021-11-03T14:10:43","slug":"codeone-yu-jing-collection-pack","status":"publish","type":"product","link":"https:\/\/dreid.nl\/?product=codeone-yu-jing-collection-pack","title":{"rendered":"CodeOne: Yu Jing Collection Pack"},"content":{"rendered":"<p>This box includes the 26 miniatures that make up the entire CodeOne range of the Yu Jing army, as well as the CodeOne rules booklet. This box is the perfect way to get the entire collection of the powerful Asian giant.<\/p>\n<p>From Operation Kaldstrom:<\/p>\n<p>3x Zhanshi<br \/>\n1x H\u00f9nd\u00f9n<br \/>\n1x Jujak<br \/>\n1x D\u00e0of\u011bi<br \/>\n1x G\u016dil\u00e1ng<\/p>\n<p>From Beyond Kaldstrom Expansion Pack:<\/p>\n<p>1X Sh\u00e0ng J\u00ed Hacker<br \/>\n1X Y\u011b M\u0101o<br \/>\n1X Jing Qo<\/p>\n<p>From Dire Foes Mission Pack Alpha: Retaliation:<\/p>\n<p>1x Adil<br \/>\n1x Yu Jing ambassador.<\/p>\n<p>From Yu Jing Support Pack:<\/p>\n<p>1x Mech-engineer<br \/>\n1x Zhanshi Y\u012bsh\u0113ng<br \/>\n2x Y\u00e1oz\u0103o<\/p>\n<p>From Yaokong Remotes Pack:<\/p>\n<p>2x Y\u00e1ok\u00f2ng Remotes<\/p>\n<p>De Blue Wolf Mongol Cavalry (TAG):<\/p>\n<p>1x Blue Wolf<\/p>\n<p>From Yu Jing Booster Pack Alpha:<\/p>\n<p>1X Hsien<br \/>\n1X Zh\u00e0nying Hacker<br \/>\n1X Hac Tao Hacker<\/p>\n<p>From Yu Jing Booster Pack Beta:<\/p>\n<p>1x Y\u0101n Hu\u01d2 FTO<br \/>\n1x Z\u00fay\u01d2ng<br \/>\n1x Tiger Soldier Hacker<\/p>\n<p>From Liang Kai:<\/p>\n<p>1x Liang Kai<\/p>\n","protected":false},"excerpt":{"rendered":"<p>This box includes the 26 miniatures that make up the entire CodeOne range of the Yu Jing army, as well as the CodeOne rules booklet. This box is the perfect way to get the entire collection of the powerful Asian giant. From Operation Kaldstrom: 3x Zhanshi 1x H\u00f9nd\u00f9n 1x Jujak 1x D\u00e0of\u011bi 1x G\u016dil\u00e1ng From [&hellip;]<\/p>\n","protected":false},"featured_media":1861,"template":"","meta":[],"product_brand":[],"product_cat":[65],"product_tag":[],"class_list":{"0":"post-1860","1":"product","2":"type-product","3":"status-publish","4":"has-post-thumbnail","6":"product_cat-yu-jing","8":"first","9":"onbackorder","10":"shipping-taxable","11":"purchasable","12":"product-type-simple","13":"czr-hentry"},"yoast_head":"<!-- This site is optimized with the Yoast SEO plugin v27.5 - https:\/\/yoast.com\/product\/yoast-seo-wordpress\/ -->\n<title>CodeOne: Yu Jing Collection Pack - DreiD BV<\/title>\n<meta name=\"robots\" content=\"index, follow, max-snippet:-1, max-image-preview:large, max-video-preview:-1\" \/>\n<link rel=\"canonical\" href=\"https:\/\/dreid.nl\/?product=codeone-yu-jing-collection-pack\" \/>\n<meta property=\"og:locale\" content=\"nl_NL\" \/>\n<meta property=\"og:type\" content=\"article\" \/>\n<meta property=\"og:title\" content=\"CodeOne: Yu Jing Collection Pack - DreiD BV\" \/>\n<meta property=\"og:description\" content=\"This box includes the 26 miniatures that make up the entire CodeOne range of the Yu Jing army, as well as the CodeOne rules booklet. This box is the perfect way to get the entire collection of the powerful Asian giant. From Operation Kaldstrom: 3x Zhanshi 1x H\u00f9nd\u00f9n 1x Jujak 1x D\u00e0of\u011bi 1x G\u016dil\u00e1ng From [&hellip;]\" \/>\n<meta property=\"og:url\" content=\"https:\/\/dreid.nl\/?product=codeone-yu-jing-collection-pack\" \/>\n<meta property=\"og:site_name\" content=\"DreiD BV\" \/>\n<meta property=\"article:publisher\" content=\"https:\/\/www.facebook.com\/DreiDBV\" \/>\n<meta property=\"article:modified_time\" content=\"2021-11-03T14:10:43+00:00\" \/>\n<meta property=\"og:image\" content=\"https:\/\/dreid.nl\/wp-content\/uploads\/2021\/11\/codeone-yu-jing-collection-pack-1.png\" \/>\n\t<meta property=\"og:image:width\" content=\"921\" \/>\n\t<meta property=\"og:image:height\" content=\"691\" \/>\n\t<meta property=\"og:image:type\" content=\"image\/png\" \/>\n<meta name=\"twitter:card\" content=\"summary_large_image\" \/>\n<meta name=\"twitter:label1\" content=\"Verwachte leestijd\" \/>\n\t<meta name=\"twitter:data1\" content=\"1 minuut\" \/>\n<script type=\"application\/ld+json\" class=\"yoast-schema-graph\">{\"@context\":\"https:\\\/\\\/schema.org\",\"@graph\":[{\"@type\":\"WebPage\",\"@id\":\"https:\\\/\\\/dreid.nl\\\/?product=codeone-yu-jing-collection-pack\",\"url\":\"https:\\\/\\\/dreid.nl\\\/?product=codeone-yu-jing-collection-pack\",\"name\":\"CodeOne: Yu Jing Collection Pack - DreiD BV\",\"isPartOf\":{\"@id\":\"https:\\\/\\\/dreid.nl\\\/#website\"},\"primaryImageOfPage\":{\"@id\":\"https:\\\/\\\/dreid.nl\\\/?product=codeone-yu-jing-collection-pack#primaryimage\"},\"image\":{\"@id\":\"https:\\\/\\\/dreid.nl\\\/?product=codeone-yu-jing-collection-pack#primaryimage\"},\"thumbnailUrl\":\"https:\\\/\\\/dreid.nl\\\/wp-content\\\/uploads\\\/2021\\\/11\\\/codeone-yu-jing-collection-pack-1.png\",\"datePublished\":\"2021-11-03T14:02:09+00:00\",\"dateModified\":\"2021-11-03T14:10:43+00:00\",\"breadcrumb\":{\"@id\":\"https:\\\/\\\/dreid.nl\\\/?product=codeone-yu-jing-collection-pack#breadcrumb\"},\"inLanguage\":\"nl-NL\",\"potentialAction\":[{\"@type\":\"ReadAction\",\"target\":[\"https:\\\/\\\/dreid.nl\\\/?product=codeone-yu-jing-collection-pack\"]}]},{\"@type\":\"ImageObject\",\"inLanguage\":\"nl-NL\",\"@id\":\"https:\\\/\\\/dreid.nl\\\/?product=codeone-yu-jing-collection-pack#primaryimage\",\"url\":\"https:\\\/\\\/dreid.nl\\\/wp-content\\\/uploads\\\/2021\\\/11\\\/codeone-yu-jing-collection-pack-1.png\",\"contentUrl\":\"https:\\\/\\\/dreid.nl\\\/wp-content\\\/uploads\\\/2021\\\/11\\\/codeone-yu-jing-collection-pack-1.png\",\"width\":921,\"height\":691},{\"@type\":\"BreadcrumbList\",\"@id\":\"https:\\\/\\\/dreid.nl\\\/?product=codeone-yu-jing-collection-pack#breadcrumb\",\"itemListElement\":[{\"@type\":\"ListItem\",\"position\":1,\"name\":\"Home\",\"item\":\"https:\\\/\\\/dreid.nl\\\/\"},{\"@type\":\"ListItem\",\"position\":2,\"name\":\"Shop\",\"item\":\"https:\\\/\\\/dreid.nl\\\/?page_id=170\"},{\"@type\":\"ListItem\",\"position\":3,\"name\":\"CodeOne: Yu Jing Collection Pack\"}]},{\"@type\":\"WebSite\",\"@id\":\"https:\\\/\\\/dreid.nl\\\/#website\",\"url\":\"https:\\\/\\\/dreid.nl\\\/\",\"name\":\"DreiD BV\",\"description\":\"3D printen en meer\",\"publisher\":{\"@id\":\"https:\\\/\\\/dreid.nl\\\/#organization\"},\"potentialAction\":[{\"@type\":\"SearchAction\",\"target\":{\"@type\":\"EntryPoint\",\"urlTemplate\":\"https:\\\/\\\/dreid.nl\\\/?s={search_term_string}\"},\"query-input\":{\"@type\":\"PropertyValueSpecification\",\"valueRequired\":true,\"valueName\":\"search_term_string\"}}],\"inLanguage\":\"nl-NL\"},{\"@type\":\"Organization\",\"@id\":\"https:\\\/\\\/dreid.nl\\\/#organization\",\"name\":\"DreiD B.V.\",\"url\":\"https:\\\/\\\/dreid.nl\\\/\",\"logo\":{\"@type\":\"ImageObject\",\"inLanguage\":\"nl-NL\",\"@id\":\"https:\\\/\\\/dreid.nl\\\/#\\\/schema\\\/logo\\\/image\\\/\",\"url\":\"http:\\\/\\\/dreid.nl\\\/wp-content\\\/uploads\\\/2017\\\/11\\\/cropped-logo-vierkant.png\",\"contentUrl\":\"http:\\\/\\\/dreid.nl\\\/wp-content\\\/uploads\\\/2017\\\/11\\\/cropped-logo-vierkant.png\",\"width\":512,\"height\":512,\"caption\":\"DreiD B.V.\"},\"image\":{\"@id\":\"https:\\\/\\\/dreid.nl\\\/#\\\/schema\\\/logo\\\/image\\\/\"},\"sameAs\":[\"https:\\\/\\\/www.facebook.com\\\/DreiDBV\"]}]}<\/script>\n<!-- \/ Yoast SEO plugin. -->","yoast_head_json":{"title":"CodeOne: Yu Jing Collection Pack - DreiD BV","robots":{"index":"index","follow":"follow","max-snippet":"max-snippet:-1","max-image-preview":"max-image-preview:large","max-video-preview":"max-video-preview:-1"},"canonical":"https:\/\/dreid.nl\/?product=codeone-yu-jing-collection-pack","og_locale":"nl_NL","og_type":"article","og_title":"CodeOne: Yu Jing Collection Pack - DreiD BV","og_description":"This box includes the 26 miniatures that make up the entire CodeOne range of the Yu Jing army, as well as the CodeOne rules booklet. This box is the perfect way to get the entire collection of the powerful Asian giant. From Operation Kaldstrom: 3x Zhanshi 1x H\u00f9nd\u00f9n 1x Jujak 1x D\u00e0of\u011bi 1x G\u016dil\u00e1ng From [&hellip;]","og_url":"https:\/\/dreid.nl\/?product=codeone-yu-jing-collection-pack","og_site_name":"DreiD BV","article_publisher":"https:\/\/www.facebook.com\/DreiDBV","article_modified_time":"2021-11-03T14:10:43+00:00","og_image":[{"width":921,"height":691,"url":"https:\/\/dreid.nl\/wp-content\/uploads\/2021\/11\/codeone-yu-jing-collection-pack-1.png","type":"image\/png"}],"twitter_card":"summary_large_image","twitter_misc":{"Verwachte leestijd":"1 minuut"},"schema":{"@context":"https:\/\/schema.org","@graph":[{"@type":"WebPage","@id":"https:\/\/dreid.nl\/?product=codeone-yu-jing-collection-pack","url":"https:\/\/dreid.nl\/?product=codeone-yu-jing-collection-pack","name":"CodeOne: Yu Jing Collection Pack - DreiD BV","isPartOf":{"@id":"https:\/\/dreid.nl\/#website"},"primaryImageOfPage":{"@id":"https:\/\/dreid.nl\/?product=codeone-yu-jing-collection-pack#primaryimage"},"image":{"@id":"https:\/\/dreid.nl\/?product=codeone-yu-jing-collection-pack#primaryimage"},"thumbnailUrl":"https:\/\/dreid.nl\/wp-content\/uploads\/2021\/11\/codeone-yu-jing-collection-pack-1.png","datePublished":"2021-11-03T14:02:09+00:00","dateModified":"2021-11-03T14:10:43+00:00","breadcrumb":{"@id":"https:\/\/dreid.nl\/?product=codeone-yu-jing-collection-pack#breadcrumb"},"inLanguage":"nl-NL","potentialAction":[{"@type":"ReadAction","target":["https:\/\/dreid.nl\/?product=codeone-yu-jing-collection-pack"]}]},{"@type":"ImageObject","inLanguage":"nl-NL","@id":"https:\/\/dreid.nl\/?product=codeone-yu-jing-collection-pack#primaryimage","url":"https:\/\/dreid.nl\/wp-content\/uploads\/2021\/11\/codeone-yu-jing-collection-pack-1.png","contentUrl":"https:\/\/dreid.nl\/wp-content\/uploads\/2021\/11\/codeone-yu-jing-collection-pack-1.png","width":921,"height":691},{"@type":"BreadcrumbList","@id":"https:\/\/dreid.nl\/?product=codeone-yu-jing-collection-pack#breadcrumb","itemListElement":[{"@type":"ListItem","position":1,"name":"Home","item":"https:\/\/dreid.nl\/"},{"@type":"ListItem","position":2,"name":"Shop","item":"https:\/\/dreid.nl\/?page_id=170"},{"@type":"ListItem","position":3,"name":"CodeOne: Yu Jing Collection Pack"}]},{"@type":"WebSite","@id":"https:\/\/dreid.nl\/#website","url":"https:\/\/dreid.nl\/","name":"DreiD BV","description":"3D printen en meer","publisher":{"@id":"https:\/\/dreid.nl\/#organization"},"potentialAction":[{"@type":"SearchAction","target":{"@type":"EntryPoint","urlTemplate":"https:\/\/dreid.nl\/?s={search_term_string}"},"query-input":{"@type":"PropertyValueSpecification","valueRequired":true,"valueName":"search_term_string"}}],"inLanguage":"nl-NL"},{"@type":"Organization","@id":"https:\/\/dreid.nl\/#organization","name":"DreiD B.V.","url":"https:\/\/dreid.nl\/","logo":{"@type":"ImageObject","inLanguage":"nl-NL","@id":"https:\/\/dreid.nl\/#\/schema\/logo\/image\/","url":"http:\/\/dreid.nl\/wp-content\/uploads\/2017\/11\/cropped-logo-vierkant.png","contentUrl":"http:\/\/dreid.nl\/wp-content\/uploads\/2017\/11\/cropped-logo-vierkant.png","width":512,"height":512,"caption":"DreiD B.V."},"image":{"@id":"https:\/\/dreid.nl\/#\/schema\/logo\/image\/"},"sameAs":["https:\/\/www.facebook.com\/DreiDBV"]}]}},"_links":{"self":[{"href":"https:\/\/dreid.nl\/index.php?rest_route=\/wp\/v2\/product\/1860","targetHints":{"allow":["GET"]}}],"collection":[{"href":"https:\/\/dreid.nl\/index.php?rest_route=\/wp\/v2\/product"}],"about":[{"href":"https:\/\/dreid.nl\/index.php?rest_route=\/wp\/v2\/types\/product"}],"wp:featuredmedia":[{"embeddable":true,"href":"https:\/\/dreid.nl\/index.php?rest_route=\/wp\/v2\/media\/1861"}],"wp:attachment":[{"href":"https:\/\/dreid.nl\/index.php?rest_route=%2Fwp%2Fv2%2Fmedia&parent=1860"}],"wp:term":[{"taxonomy":"product_brand","embeddable":true,"href":"https:\/\/dreid.nl\/index.php?rest_route=%2Fwp%2Fv2%2Fproduct_brand&post=1860"},{"taxonomy":"product_cat","embeddable":true,"href":"https:\/\/dreid.nl\/index.php?rest_route=%2Fwp%2Fv2%2Fproduct_cat&post=1860"},{"taxonomy":"product_tag","embeddable":true,"href":"https:\/\/dreid.nl\/index.php?rest_route=%2Fwp%2Fv2%2Fproduct_tag&post=1860"}],"curies":[{"name":"wp","href":"https:\/\/api.w.org\/{rel}","templated":true}]}}