{"id":2223,"date":"2022-06-02T09:45:17","date_gmt":"2022-06-02T09:45:17","guid":{"rendered":"https:\/\/dreid.nl\/?post_type=product&#038;p=2223"},"modified":"2023-10-22T10:25:55","modified_gmt":"2023-10-22T10:25:55","slug":"pokemon-sword-shield-astral-radiance-booster-pack","status":"publish","type":"product","link":"https:\/\/dreid.nl\/?product=pokemon-sword-shield-astral-radiance-booster-pack","title":{"rendered":"Pokemon Sword &#038; Shield Astral Radiance Booster Pack"},"content":{"rendered":"<p>Reis terug naar een land van mythen, legendes en wildernis als Origin Forme Dialga VSTAR en Origin Forme Palkia VSTAR. Vervorm de stof van tijd en ruimte! Decidueye, Typhlosion en Samurott arriveren als Hisuian Pok\u00e9mon VSTAR en voegen zich bij meer Pok\u00e9mon en Trainers uit de antieke regio van Hisui. Ondertussen verschijnen Shiny Pok\u00e9mon opnieuw als Radiant Pok\u00e9mon, met Radiant Greninja die de aanval leidt in de Pok\u00e9mon TCG: Sword &amp; Shield &#8211; Astral Radiance uitbreiding!<\/p>\n<p>Inhoud van deze serie:<\/p>\n<ul type=\"disc\">\n<li>Meer dan 180 kaarten<\/li>\n<li>3 gloednieuwe Radiant Pok\u00e9mon<\/li>\n<li>7 fantastische Pok\u00e9mon VSTAR<\/li>\n<li>19 sterke Pok\u00e9mon V en 2 enorme Pok\u00e9mon VMAX<\/li>\n<li>30 kaarten met speciale art in de Trainer Gallery subset<\/li>\n<li>Meer dan 20 Trainer kaarten<\/li>\n<\/ul>\n<p>Een Pokemon \u2013 Sword &amp; Shield Astral Radiance boosterpack bevat bevat 10 kaarten.<\/p>\n<p>Kleinere hoeveelheden kunnen in een envelop voor \u20ac3,95 worden verzonden, of gratis ophalen!<\/p>\n","protected":false},"excerpt":{"rendered":"<p>Reis terug naar een land van mythen, legendes en wildernis als Origin Forme Dialga VSTAR en Origin Forme Palkia VSTAR. Vervorm de stof van tijd en ruimte! Decidueye, Typhlosion en Samurott arriveren als Hisuian Pok\u00e9mon VSTAR en voegen zich bij meer Pok\u00e9mon en Trainers uit de antieke regio van Hisui. Ondertussen verschijnen Shiny Pok\u00e9mon opnieuw [&hellip;]<\/p>\n","protected":false},"featured_media":2225,"template":"","meta":[],"product_brand":[],"product_cat":[121],"product_tag":[],"class_list":{"0":"post-2223","1":"product","2":"type-product","3":"status-publish","4":"has-post-thumbnail","6":"product_cat-pokemon-tcg","8":"first","9":"instock","10":"shipping-taxable","11":"purchasable","12":"product-type-simple","13":"czr-hentry"},"yoast_head":"<!-- This site is optimized with the Yoast SEO plugin v27.3 - https:\/\/yoast.com\/product\/yoast-seo-wordpress\/ -->\n<title>Pokemon Sword &amp; Shield Astral Radiance Booster Pack - DreiD BV<\/title>\n<meta name=\"robots\" content=\"index, follow, max-snippet:-1, max-image-preview:large, max-video-preview:-1\" \/>\n<link rel=\"canonical\" href=\"https:\/\/dreid.nl\/?product=pokemon-sword-shield-astral-radiance-booster-pack\" \/>\n<meta property=\"og:locale\" content=\"nl_NL\" \/>\n<meta property=\"og:type\" content=\"article\" \/>\n<meta property=\"og:title\" content=\"Pokemon Sword &amp; Shield Astral Radiance Booster Pack - DreiD BV\" \/>\n<meta property=\"og:description\" content=\"Reis terug naar een land van mythen, legendes en wildernis als Origin Forme Dialga VSTAR en Origin Forme Palkia VSTAR. Vervorm de stof van tijd en ruimte! Decidueye, Typhlosion en Samurott arriveren als Hisuian Pok\u00e9mon VSTAR en voegen zich bij meer Pok\u00e9mon en Trainers uit de antieke regio van Hisui. Ondertussen verschijnen Shiny Pok\u00e9mon opnieuw [&hellip;]\" \/>\n<meta property=\"og:url\" content=\"https:\/\/dreid.nl\/?product=pokemon-sword-shield-astral-radiance-booster-pack\" \/>\n<meta property=\"og:site_name\" content=\"DreiD BV\" \/>\n<meta property=\"article:publisher\" content=\"https:\/\/www.facebook.com\/DreiDBV\" \/>\n<meta property=\"article:modified_time\" content=\"2023-10-22T10:25:55+00:00\" \/>\n<meta property=\"og:image\" content=\"http:\/\/dreid.nl\/wp-content\/uploads\/2022\/06\/poc856_2.png\" \/>\n\t<meta property=\"og:image:width\" content=\"558\" \/>\n\t<meta property=\"og:image:height\" content=\"1023\" \/>\n\t<meta property=\"og:image:type\" content=\"image\/png\" \/>\n<meta name=\"twitter:card\" content=\"summary_large_image\" \/>\n<meta name=\"twitter:label1\" content=\"Verwachte leestijd\" \/>\n\t<meta name=\"twitter:data1\" content=\"1 minuut\" \/>\n<script type=\"application\/ld+json\" class=\"yoast-schema-graph\">{\"@context\":\"https:\\\/\\\/schema.org\",\"@graph\":[{\"@type\":\"WebPage\",\"@id\":\"https:\\\/\\\/dreid.nl\\\/?product=pokemon-sword-shield-astral-radiance-booster-pack\",\"url\":\"https:\\\/\\\/dreid.nl\\\/?product=pokemon-sword-shield-astral-radiance-booster-pack\",\"name\":\"Pokemon Sword & Shield Astral Radiance Booster Pack - DreiD BV\",\"isPartOf\":{\"@id\":\"https:\\\/\\\/dreid.nl\\\/#website\"},\"primaryImageOfPage\":{\"@id\":\"https:\\\/\\\/dreid.nl\\\/?product=pokemon-sword-shield-astral-radiance-booster-pack#primaryimage\"},\"image\":{\"@id\":\"https:\\\/\\\/dreid.nl\\\/?product=pokemon-sword-shield-astral-radiance-booster-pack#primaryimage\"},\"thumbnailUrl\":\"https:\\\/\\\/dreid.nl\\\/wp-content\\\/uploads\\\/2022\\\/06\\\/poc856_2.png\",\"datePublished\":\"2022-06-02T09:45:17+00:00\",\"dateModified\":\"2023-10-22T10:25:55+00:00\",\"breadcrumb\":{\"@id\":\"https:\\\/\\\/dreid.nl\\\/?product=pokemon-sword-shield-astral-radiance-booster-pack#breadcrumb\"},\"inLanguage\":\"nl-NL\",\"potentialAction\":[{\"@type\":\"ReadAction\",\"target\":[\"https:\\\/\\\/dreid.nl\\\/?product=pokemon-sword-shield-astral-radiance-booster-pack\"]}]},{\"@type\":\"ImageObject\",\"inLanguage\":\"nl-NL\",\"@id\":\"https:\\\/\\\/dreid.nl\\\/?product=pokemon-sword-shield-astral-radiance-booster-pack#primaryimage\",\"url\":\"https:\\\/\\\/dreid.nl\\\/wp-content\\\/uploads\\\/2022\\\/06\\\/poc856_2.png\",\"contentUrl\":\"https:\\\/\\\/dreid.nl\\\/wp-content\\\/uploads\\\/2022\\\/06\\\/poc856_2.png\",\"width\":558,\"height\":1023},{\"@type\":\"BreadcrumbList\",\"@id\":\"https:\\\/\\\/dreid.nl\\\/?product=pokemon-sword-shield-astral-radiance-booster-pack#breadcrumb\",\"itemListElement\":[{\"@type\":\"ListItem\",\"position\":1,\"name\":\"Home\",\"item\":\"https:\\\/\\\/dreid.nl\\\/\"},{\"@type\":\"ListItem\",\"position\":2,\"name\":\"Shop\",\"item\":\"https:\\\/\\\/dreid.nl\\\/?page_id=170\"},{\"@type\":\"ListItem\",\"position\":3,\"name\":\"Pokemon Sword &#038; Shield Astral Radiance Booster Pack\"}]},{\"@type\":\"WebSite\",\"@id\":\"https:\\\/\\\/dreid.nl\\\/#website\",\"url\":\"https:\\\/\\\/dreid.nl\\\/\",\"name\":\"DreiD BV\",\"description\":\"3D printen en meer\",\"publisher\":{\"@id\":\"https:\\\/\\\/dreid.nl\\\/#organization\"},\"potentialAction\":[{\"@type\":\"SearchAction\",\"target\":{\"@type\":\"EntryPoint\",\"urlTemplate\":\"https:\\\/\\\/dreid.nl\\\/?s={search_term_string}\"},\"query-input\":{\"@type\":\"PropertyValueSpecification\",\"valueRequired\":true,\"valueName\":\"search_term_string\"}}],\"inLanguage\":\"nl-NL\"},{\"@type\":\"Organization\",\"@id\":\"https:\\\/\\\/dreid.nl\\\/#organization\",\"name\":\"DreiD B.V.\",\"url\":\"https:\\\/\\\/dreid.nl\\\/\",\"logo\":{\"@type\":\"ImageObject\",\"inLanguage\":\"nl-NL\",\"@id\":\"https:\\\/\\\/dreid.nl\\\/#\\\/schema\\\/logo\\\/image\\\/\",\"url\":\"http:\\\/\\\/dreid.nl\\\/wp-content\\\/uploads\\\/2017\\\/11\\\/cropped-logo-vierkant.png\",\"contentUrl\":\"http:\\\/\\\/dreid.nl\\\/wp-content\\\/uploads\\\/2017\\\/11\\\/cropped-logo-vierkant.png\",\"width\":512,\"height\":512,\"caption\":\"DreiD B.V.\"},\"image\":{\"@id\":\"https:\\\/\\\/dreid.nl\\\/#\\\/schema\\\/logo\\\/image\\\/\"},\"sameAs\":[\"https:\\\/\\\/www.facebook.com\\\/DreiDBV\"]}]}<\/script>\n<!-- \/ Yoast SEO plugin. -->","yoast_head_json":{"title":"Pokemon Sword & Shield Astral Radiance Booster Pack - DreiD BV","robots":{"index":"index","follow":"follow","max-snippet":"max-snippet:-1","max-image-preview":"max-image-preview:large","max-video-preview":"max-video-preview:-1"},"canonical":"https:\/\/dreid.nl\/?product=pokemon-sword-shield-astral-radiance-booster-pack","og_locale":"nl_NL","og_type":"article","og_title":"Pokemon Sword & Shield Astral Radiance Booster Pack - DreiD BV","og_description":"Reis terug naar een land van mythen, legendes en wildernis als Origin Forme Dialga VSTAR en Origin Forme Palkia VSTAR. Vervorm de stof van tijd en ruimte! Decidueye, Typhlosion en Samurott arriveren als Hisuian Pok\u00e9mon VSTAR en voegen zich bij meer Pok\u00e9mon en Trainers uit de antieke regio van Hisui. Ondertussen verschijnen Shiny Pok\u00e9mon opnieuw [&hellip;]","og_url":"https:\/\/dreid.nl\/?product=pokemon-sword-shield-astral-radiance-booster-pack","og_site_name":"DreiD BV","article_publisher":"https:\/\/www.facebook.com\/DreiDBV","article_modified_time":"2023-10-22T10:25:55+00:00","og_image":[{"width":558,"height":1023,"url":"http:\/\/dreid.nl\/wp-content\/uploads\/2022\/06\/poc856_2.png","type":"image\/png"}],"twitter_card":"summary_large_image","twitter_misc":{"Verwachte leestijd":"1 minuut"},"schema":{"@context":"https:\/\/schema.org","@graph":[{"@type":"WebPage","@id":"https:\/\/dreid.nl\/?product=pokemon-sword-shield-astral-radiance-booster-pack","url":"https:\/\/dreid.nl\/?product=pokemon-sword-shield-astral-radiance-booster-pack","name":"Pokemon Sword & Shield Astral Radiance Booster Pack - DreiD BV","isPartOf":{"@id":"https:\/\/dreid.nl\/#website"},"primaryImageOfPage":{"@id":"https:\/\/dreid.nl\/?product=pokemon-sword-shield-astral-radiance-booster-pack#primaryimage"},"image":{"@id":"https:\/\/dreid.nl\/?product=pokemon-sword-shield-astral-radiance-booster-pack#primaryimage"},"thumbnailUrl":"https:\/\/dreid.nl\/wp-content\/uploads\/2022\/06\/poc856_2.png","datePublished":"2022-06-02T09:45:17+00:00","dateModified":"2023-10-22T10:25:55+00:00","breadcrumb":{"@id":"https:\/\/dreid.nl\/?product=pokemon-sword-shield-astral-radiance-booster-pack#breadcrumb"},"inLanguage":"nl-NL","potentialAction":[{"@type":"ReadAction","target":["https:\/\/dreid.nl\/?product=pokemon-sword-shield-astral-radiance-booster-pack"]}]},{"@type":"ImageObject","inLanguage":"nl-NL","@id":"https:\/\/dreid.nl\/?product=pokemon-sword-shield-astral-radiance-booster-pack#primaryimage","url":"https:\/\/dreid.nl\/wp-content\/uploads\/2022\/06\/poc856_2.png","contentUrl":"https:\/\/dreid.nl\/wp-content\/uploads\/2022\/06\/poc856_2.png","width":558,"height":1023},{"@type":"BreadcrumbList","@id":"https:\/\/dreid.nl\/?product=pokemon-sword-shield-astral-radiance-booster-pack#breadcrumb","itemListElement":[{"@type":"ListItem","position":1,"name":"Home","item":"https:\/\/dreid.nl\/"},{"@type":"ListItem","position":2,"name":"Shop","item":"https:\/\/dreid.nl\/?page_id=170"},{"@type":"ListItem","position":3,"name":"Pokemon Sword &#038; Shield Astral Radiance Booster Pack"}]},{"@type":"WebSite","@id":"https:\/\/dreid.nl\/#website","url":"https:\/\/dreid.nl\/","name":"DreiD BV","description":"3D printen en meer","publisher":{"@id":"https:\/\/dreid.nl\/#organization"},"potentialAction":[{"@type":"SearchAction","target":{"@type":"EntryPoint","urlTemplate":"https:\/\/dreid.nl\/?s={search_term_string}"},"query-input":{"@type":"PropertyValueSpecification","valueRequired":true,"valueName":"search_term_string"}}],"inLanguage":"nl-NL"},{"@type":"Organization","@id":"https:\/\/dreid.nl\/#organization","name":"DreiD B.V.","url":"https:\/\/dreid.nl\/","logo":{"@type":"ImageObject","inLanguage":"nl-NL","@id":"https:\/\/dreid.nl\/#\/schema\/logo\/image\/","url":"http:\/\/dreid.nl\/wp-content\/uploads\/2017\/11\/cropped-logo-vierkant.png","contentUrl":"http:\/\/dreid.nl\/wp-content\/uploads\/2017\/11\/cropped-logo-vierkant.png","width":512,"height":512,"caption":"DreiD B.V."},"image":{"@id":"https:\/\/dreid.nl\/#\/schema\/logo\/image\/"},"sameAs":["https:\/\/www.facebook.com\/DreiDBV"]}]}},"_links":{"self":[{"href":"https:\/\/dreid.nl\/index.php?rest_route=\/wp\/v2\/product\/2223","targetHints":{"allow":["GET"]}}],"collection":[{"href":"https:\/\/dreid.nl\/index.php?rest_route=\/wp\/v2\/product"}],"about":[{"href":"https:\/\/dreid.nl\/index.php?rest_route=\/wp\/v2\/types\/product"}],"wp:featuredmedia":[{"embeddable":true,"href":"https:\/\/dreid.nl\/index.php?rest_route=\/wp\/v2\/media\/2225"}],"wp:attachment":[{"href":"https:\/\/dreid.nl\/index.php?rest_route=%2Fwp%2Fv2%2Fmedia&parent=2223"}],"wp:term":[{"taxonomy":"product_brand","embeddable":true,"href":"https:\/\/dreid.nl\/index.php?rest_route=%2Fwp%2Fv2%2Fproduct_brand&post=2223"},{"taxonomy":"product_cat","embeddable":true,"href":"https:\/\/dreid.nl\/index.php?rest_route=%2Fwp%2Fv2%2Fproduct_cat&post=2223"},{"taxonomy":"product_tag","embeddable":true,"href":"https:\/\/dreid.nl\/index.php?rest_route=%2Fwp%2Fv2%2Fproduct_tag&post=2223"}],"curies":[{"name":"wp","href":"https:\/\/api.w.org\/{rel}","templated":true}]}}