{"id":2639,"date":"2024-01-08T14:48:13","date_gmt":"2024-01-08T14:48:13","guid":{"rendered":"https:\/\/dreid.nl\/?post_type=product&#038;p=2639"},"modified":"2024-01-08T14:48:14","modified_gmt":"2024-01-08T14:48:14","slug":"taowu-mastermind","status":"publish","type":"product","link":"https:\/\/dreid.nl\/?product=taowu-mastermind","title":{"rendered":"T\u00e1ow\u00f9 Mastermind"},"content":{"rendered":"<p>T\u00e1ow\u00f9&#8217;s main game takes place outside the zone of operations itself. The most innocuous words, whispered into the right ears at a party, can turn into harmful distractions when he leverages them on the battlefield during the heat of battle. T\u00e1ow\u00f9 knows how to win a match before it has even started, by applying minimal pressure on a single point that will make his opponent collapse.<\/p>\n<p>This mini-box includes one miniature of T\u00e1ow\u00f9. Deceive the enemy and disable their tactics thanks to this cunning mercenary schemer coming from Aristeia!\u2019s HexaDomes. An interesting addition to your Yu Jing army lists and also Imperial Service Sectorial Army<\/p>\n","protected":false},"excerpt":{"rendered":"<p>T\u00e1ow\u00f9&#8217;s main game takes place outside the zone of operations itself. The most innocuous words, whispered into the right ears at a party, can turn into harmful distractions when he leverages them on the battlefield during the heat of battle. T\u00e1ow\u00f9 knows how to win a match before it has even started, by applying minimal [&hellip;]<\/p>\n","protected":false},"featured_media":2640,"template":"","meta":[],"product_brand":[],"product_cat":[65],"product_tag":[],"class_list":{"0":"post-2639","1":"product","2":"type-product","3":"status-publish","4":"has-post-thumbnail","6":"product_cat-yu-jing","8":"first","9":"onbackorder","10":"shipping-taxable","11":"purchasable","12":"product-type-simple","13":"czr-hentry"},"yoast_head":"<!-- This site is optimized with the Yoast SEO plugin v27.4 - https:\/\/yoast.com\/product\/yoast-seo-wordpress\/ -->\n<title>T\u00e1ow\u00f9 Mastermind - DreiD BV<\/title>\n<meta name=\"robots\" content=\"index, follow, max-snippet:-1, max-image-preview:large, max-video-preview:-1\" \/>\n<link rel=\"canonical\" href=\"https:\/\/dreid.nl\/?product=taowu-mastermind\" \/>\n<meta property=\"og:locale\" content=\"nl_NL\" \/>\n<meta property=\"og:type\" content=\"article\" \/>\n<meta property=\"og:title\" content=\"T\u00e1ow\u00f9 Mastermind - DreiD BV\" \/>\n<meta property=\"og:description\" content=\"T\u00e1ow\u00f9&#8217;s main game takes place outside the zone of operations itself. The most innocuous words, whispered into the right ears at a party, can turn into harmful distractions when he leverages them on the battlefield during the heat of battle. T\u00e1ow\u00f9 knows how to win a match before it has even started, by applying minimal [&hellip;]\" \/>\n<meta property=\"og:url\" content=\"https:\/\/dreid.nl\/?product=taowu-mastermind\" \/>\n<meta property=\"og:site_name\" content=\"DreiD BV\" \/>\n<meta property=\"article:publisher\" content=\"https:\/\/www.facebook.com\/DreiDBV\" \/>\n<meta property=\"article:modified_time\" content=\"2024-01-08T14:48:14+00:00\" \/>\n<meta property=\"og:image\" content=\"http:\/\/dreid.nl\/wp-content\/uploads\/2024\/01\/taowu-mastermind-infinity-1.webp\" \/>\n\t<meta property=\"og:image:width\" content=\"524\" \/>\n\t<meta property=\"og:image:height\" content=\"393\" \/>\n\t<meta property=\"og:image:type\" content=\"image\/webp\" \/>\n<meta name=\"twitter:card\" content=\"summary_large_image\" \/>\n<meta name=\"twitter:label1\" content=\"Verwachte leestijd\" \/>\n\t<meta name=\"twitter:data1\" content=\"1 minuut\" \/>\n<script type=\"application\/ld+json\" class=\"yoast-schema-graph\">{\"@context\":\"https:\\\/\\\/schema.org\",\"@graph\":[{\"@type\":\"WebPage\",\"@id\":\"https:\\\/\\\/dreid.nl\\\/?product=taowu-mastermind\",\"url\":\"https:\\\/\\\/dreid.nl\\\/?product=taowu-mastermind\",\"name\":\"T\u00e1ow\u00f9 Mastermind - DreiD BV\",\"isPartOf\":{\"@id\":\"https:\\\/\\\/dreid.nl\\\/#website\"},\"primaryImageOfPage\":{\"@id\":\"https:\\\/\\\/dreid.nl\\\/?product=taowu-mastermind#primaryimage\"},\"image\":{\"@id\":\"https:\\\/\\\/dreid.nl\\\/?product=taowu-mastermind#primaryimage\"},\"thumbnailUrl\":\"https:\\\/\\\/dreid.nl\\\/wp-content\\\/uploads\\\/2024\\\/01\\\/taowu-mastermind-infinity-1.webp\",\"datePublished\":\"2024-01-08T14:48:13+00:00\",\"dateModified\":\"2024-01-08T14:48:14+00:00\",\"breadcrumb\":{\"@id\":\"https:\\\/\\\/dreid.nl\\\/?product=taowu-mastermind#breadcrumb\"},\"inLanguage\":\"nl-NL\",\"potentialAction\":[{\"@type\":\"ReadAction\",\"target\":[\"https:\\\/\\\/dreid.nl\\\/?product=taowu-mastermind\"]}]},{\"@type\":\"ImageObject\",\"inLanguage\":\"nl-NL\",\"@id\":\"https:\\\/\\\/dreid.nl\\\/?product=taowu-mastermind#primaryimage\",\"url\":\"https:\\\/\\\/dreid.nl\\\/wp-content\\\/uploads\\\/2024\\\/01\\\/taowu-mastermind-infinity-1.webp\",\"contentUrl\":\"https:\\\/\\\/dreid.nl\\\/wp-content\\\/uploads\\\/2024\\\/01\\\/taowu-mastermind-infinity-1.webp\",\"width\":524,\"height\":393},{\"@type\":\"BreadcrumbList\",\"@id\":\"https:\\\/\\\/dreid.nl\\\/?product=taowu-mastermind#breadcrumb\",\"itemListElement\":[{\"@type\":\"ListItem\",\"position\":1,\"name\":\"Home\",\"item\":\"https:\\\/\\\/dreid.nl\\\/\"},{\"@type\":\"ListItem\",\"position\":2,\"name\":\"Shop\",\"item\":\"https:\\\/\\\/dreid.nl\\\/?page_id=170\"},{\"@type\":\"ListItem\",\"position\":3,\"name\":\"T\u00e1ow\u00f9 Mastermind\"}]},{\"@type\":\"WebSite\",\"@id\":\"https:\\\/\\\/dreid.nl\\\/#website\",\"url\":\"https:\\\/\\\/dreid.nl\\\/\",\"name\":\"DreiD BV\",\"description\":\"3D printen en meer\",\"publisher\":{\"@id\":\"https:\\\/\\\/dreid.nl\\\/#organization\"},\"potentialAction\":[{\"@type\":\"SearchAction\",\"target\":{\"@type\":\"EntryPoint\",\"urlTemplate\":\"https:\\\/\\\/dreid.nl\\\/?s={search_term_string}\"},\"query-input\":{\"@type\":\"PropertyValueSpecification\",\"valueRequired\":true,\"valueName\":\"search_term_string\"}}],\"inLanguage\":\"nl-NL\"},{\"@type\":\"Organization\",\"@id\":\"https:\\\/\\\/dreid.nl\\\/#organization\",\"name\":\"DreiD B.V.\",\"url\":\"https:\\\/\\\/dreid.nl\\\/\",\"logo\":{\"@type\":\"ImageObject\",\"inLanguage\":\"nl-NL\",\"@id\":\"https:\\\/\\\/dreid.nl\\\/#\\\/schema\\\/logo\\\/image\\\/\",\"url\":\"http:\\\/\\\/dreid.nl\\\/wp-content\\\/uploads\\\/2017\\\/11\\\/cropped-logo-vierkant.png\",\"contentUrl\":\"http:\\\/\\\/dreid.nl\\\/wp-content\\\/uploads\\\/2017\\\/11\\\/cropped-logo-vierkant.png\",\"width\":512,\"height\":512,\"caption\":\"DreiD B.V.\"},\"image\":{\"@id\":\"https:\\\/\\\/dreid.nl\\\/#\\\/schema\\\/logo\\\/image\\\/\"},\"sameAs\":[\"https:\\\/\\\/www.facebook.com\\\/DreiDBV\"]}]}<\/script>\n<!-- \/ Yoast SEO plugin. -->","yoast_head_json":{"title":"T\u00e1ow\u00f9 Mastermind - DreiD BV","robots":{"index":"index","follow":"follow","max-snippet":"max-snippet:-1","max-image-preview":"max-image-preview:large","max-video-preview":"max-video-preview:-1"},"canonical":"https:\/\/dreid.nl\/?product=taowu-mastermind","og_locale":"nl_NL","og_type":"article","og_title":"T\u00e1ow\u00f9 Mastermind - DreiD BV","og_description":"T\u00e1ow\u00f9&#8217;s main game takes place outside the zone of operations itself. The most innocuous words, whispered into the right ears at a party, can turn into harmful distractions when he leverages them on the battlefield during the heat of battle. T\u00e1ow\u00f9 knows how to win a match before it has even started, by applying minimal [&hellip;]","og_url":"https:\/\/dreid.nl\/?product=taowu-mastermind","og_site_name":"DreiD BV","article_publisher":"https:\/\/www.facebook.com\/DreiDBV","article_modified_time":"2024-01-08T14:48:14+00:00","og_image":[{"width":524,"height":393,"url":"http:\/\/dreid.nl\/wp-content\/uploads\/2024\/01\/taowu-mastermind-infinity-1.webp","type":"image\/webp"}],"twitter_card":"summary_large_image","twitter_misc":{"Verwachte leestijd":"1 minuut"},"schema":{"@context":"https:\/\/schema.org","@graph":[{"@type":"WebPage","@id":"https:\/\/dreid.nl\/?product=taowu-mastermind","url":"https:\/\/dreid.nl\/?product=taowu-mastermind","name":"T\u00e1ow\u00f9 Mastermind - DreiD BV","isPartOf":{"@id":"https:\/\/dreid.nl\/#website"},"primaryImageOfPage":{"@id":"https:\/\/dreid.nl\/?product=taowu-mastermind#primaryimage"},"image":{"@id":"https:\/\/dreid.nl\/?product=taowu-mastermind#primaryimage"},"thumbnailUrl":"https:\/\/dreid.nl\/wp-content\/uploads\/2024\/01\/taowu-mastermind-infinity-1.webp","datePublished":"2024-01-08T14:48:13+00:00","dateModified":"2024-01-08T14:48:14+00:00","breadcrumb":{"@id":"https:\/\/dreid.nl\/?product=taowu-mastermind#breadcrumb"},"inLanguage":"nl-NL","potentialAction":[{"@type":"ReadAction","target":["https:\/\/dreid.nl\/?product=taowu-mastermind"]}]},{"@type":"ImageObject","inLanguage":"nl-NL","@id":"https:\/\/dreid.nl\/?product=taowu-mastermind#primaryimage","url":"https:\/\/dreid.nl\/wp-content\/uploads\/2024\/01\/taowu-mastermind-infinity-1.webp","contentUrl":"https:\/\/dreid.nl\/wp-content\/uploads\/2024\/01\/taowu-mastermind-infinity-1.webp","width":524,"height":393},{"@type":"BreadcrumbList","@id":"https:\/\/dreid.nl\/?product=taowu-mastermind#breadcrumb","itemListElement":[{"@type":"ListItem","position":1,"name":"Home","item":"https:\/\/dreid.nl\/"},{"@type":"ListItem","position":2,"name":"Shop","item":"https:\/\/dreid.nl\/?page_id=170"},{"@type":"ListItem","position":3,"name":"T\u00e1ow\u00f9 Mastermind"}]},{"@type":"WebSite","@id":"https:\/\/dreid.nl\/#website","url":"https:\/\/dreid.nl\/","name":"DreiD BV","description":"3D printen en meer","publisher":{"@id":"https:\/\/dreid.nl\/#organization"},"potentialAction":[{"@type":"SearchAction","target":{"@type":"EntryPoint","urlTemplate":"https:\/\/dreid.nl\/?s={search_term_string}"},"query-input":{"@type":"PropertyValueSpecification","valueRequired":true,"valueName":"search_term_string"}}],"inLanguage":"nl-NL"},{"@type":"Organization","@id":"https:\/\/dreid.nl\/#organization","name":"DreiD B.V.","url":"https:\/\/dreid.nl\/","logo":{"@type":"ImageObject","inLanguage":"nl-NL","@id":"https:\/\/dreid.nl\/#\/schema\/logo\/image\/","url":"http:\/\/dreid.nl\/wp-content\/uploads\/2017\/11\/cropped-logo-vierkant.png","contentUrl":"http:\/\/dreid.nl\/wp-content\/uploads\/2017\/11\/cropped-logo-vierkant.png","width":512,"height":512,"caption":"DreiD B.V."},"image":{"@id":"https:\/\/dreid.nl\/#\/schema\/logo\/image\/"},"sameAs":["https:\/\/www.facebook.com\/DreiDBV"]}]}},"_links":{"self":[{"href":"https:\/\/dreid.nl\/index.php?rest_route=\/wp\/v2\/product\/2639","targetHints":{"allow":["GET"]}}],"collection":[{"href":"https:\/\/dreid.nl\/index.php?rest_route=\/wp\/v2\/product"}],"about":[{"href":"https:\/\/dreid.nl\/index.php?rest_route=\/wp\/v2\/types\/product"}],"wp:featuredmedia":[{"embeddable":true,"href":"https:\/\/dreid.nl\/index.php?rest_route=\/wp\/v2\/media\/2640"}],"wp:attachment":[{"href":"https:\/\/dreid.nl\/index.php?rest_route=%2Fwp%2Fv2%2Fmedia&parent=2639"}],"wp:term":[{"taxonomy":"product_brand","embeddable":true,"href":"https:\/\/dreid.nl\/index.php?rest_route=%2Fwp%2Fv2%2Fproduct_brand&post=2639"},{"taxonomy":"product_cat","embeddable":true,"href":"https:\/\/dreid.nl\/index.php?rest_route=%2Fwp%2Fv2%2Fproduct_cat&post=2639"},{"taxonomy":"product_tag","embeddable":true,"href":"https:\/\/dreid.nl\/index.php?rest_route=%2Fwp%2Fv2%2Fproduct_tag&post=2639"}],"curies":[{"name":"wp","href":"https:\/\/api.w.org\/{rel}","templated":true}]}}