{"id":2848,"date":"2025-01-21T16:32:39","date_gmt":"2025-01-21T16:32:39","guid":{"rendered":"https:\/\/dreid.nl\/?post_type=product&#038;p=2848"},"modified":"2025-01-21T16:32:39","modified_gmt":"2025-01-21T16:32:39","slug":"yu-jing-action-pack-2","status":"publish","type":"product","link":"https:\/\/dreid.nl\/?product=yu-jing-action-pack-2","title":{"rendered":"Yu Jing Action Pack"},"content":{"rendered":"<p>The second greatest nation in the Human Sphere, Yu Jing (pronounced \u201cyou cheeng\u201d), is certain that it is preordained to become the ultimate power in the Sphere. Therefore, it will not hesitate to conspire, manipulate, and scrap to achieve its lofty goals. Its perfect combination of strength and tenacity blended with the rich cultural heritage of the Far East and its modern technological achievements forged Yu Jing into one of the most well-rounded powers in the Human Sphere. With its strong economy and a powerfully determined army, this modern and independent nation, unconcerned with Western trends and vagaries, has a bright future ahead of it. Yu Jing is fated to become the Sphere&#8217;s dominant power by force or intrigue.<\/p>\n<p>Sale Info: This box includes ten miniatures for the Yu Jing Army: 1 Z\u00fay\u014fng with Missile Launcher, 1 Z\u00fay\u014fng with Boarding Shotgun, 1 Z\u00fay\u014fng with Combi Rifle, 1 D\u0101oy\u012bng with MULTI Sniper Rifle, 1 Li\u00fa X\u012bng Hacker with Boarding Shotgun, 1 H\u01ceid\u00e0o with Combi Rifle, 1 Zhanshi with HMG, 1 Zhanshi Hacker with Combi Rifle, 1 H\u00fal\u00e1ng with Combi Rifle, and 1 Zh\u0113nch\u00e1 with Submachine Gun.<br \/>\nThe perfect box to start collecting and playing with the Yu Jing Army.<\/p>\n","protected":false},"excerpt":{"rendered":"<p>The second greatest nation in the Human Sphere, Yu Jing (pronounced \u201cyou cheeng\u201d), is certain that it is preordained to become the ultimate power in the Sphere. Therefore, it will not hesitate to conspire, manipulate, and scrap to achieve its lofty goals. Its perfect combination of strength and tenacity blended with the rich cultural heritage [&hellip;]<\/p>\n","protected":false},"featured_media":2849,"template":"","meta":[],"product_brand":[],"product_cat":[65],"product_tag":[],"class_list":{"0":"post-2848","1":"product","2":"type-product","3":"status-publish","4":"has-post-thumbnail","6":"product_cat-yu-jing","8":"first","9":"onbackorder","10":"shipping-taxable","11":"purchasable","12":"product-type-simple","13":"czr-hentry"},"yoast_head":"<!-- This site is optimized with the Yoast SEO plugin v27.4 - https:\/\/yoast.com\/product\/yoast-seo-wordpress\/ -->\n<title>Yu Jing Action Pack - DreiD BV<\/title>\n<meta name=\"robots\" content=\"index, follow, max-snippet:-1, max-image-preview:large, max-video-preview:-1\" \/>\n<link rel=\"canonical\" href=\"https:\/\/dreid.nl\/?product=yu-jing-action-pack-2\" \/>\n<meta property=\"og:locale\" content=\"nl_NL\" \/>\n<meta property=\"og:type\" content=\"article\" \/>\n<meta property=\"og:title\" content=\"Yu Jing Action Pack - DreiD BV\" \/>\n<meta property=\"og:description\" content=\"The second greatest nation in the Human Sphere, Yu Jing (pronounced \u201cyou cheeng\u201d), is certain that it is preordained to become the ultimate power in the Sphere. Therefore, it will not hesitate to conspire, manipulate, and scrap to achieve its lofty goals. Its perfect combination of strength and tenacity blended with the rich cultural heritage [&hellip;]\" \/>\n<meta property=\"og:url\" content=\"https:\/\/dreid.nl\/?product=yu-jing-action-pack-2\" \/>\n<meta property=\"og:site_name\" content=\"DreiD BV\" \/>\n<meta property=\"article:publisher\" content=\"https:\/\/www.facebook.com\/DreiDBV\" \/>\n<meta property=\"og:image\" content=\"http:\/\/dreid.nl\/wp-content\/uploads\/2025\/01\/yujing_ap.jpg\" \/>\n\t<meta property=\"og:image:width\" content=\"1500\" \/>\n\t<meta property=\"og:image:height\" content=\"1500\" \/>\n\t<meta property=\"og:image:type\" content=\"image\/jpeg\" \/>\n<meta name=\"twitter:card\" content=\"summary_large_image\" \/>\n<meta name=\"twitter:label1\" content=\"Verwachte leestijd\" \/>\n\t<meta name=\"twitter:data1\" content=\"2 minuten\" \/>\n<script type=\"application\/ld+json\" class=\"yoast-schema-graph\">{\"@context\":\"https:\\\/\\\/schema.org\",\"@graph\":[{\"@type\":\"WebPage\",\"@id\":\"https:\\\/\\\/dreid.nl\\\/?product=yu-jing-action-pack-2\",\"url\":\"https:\\\/\\\/dreid.nl\\\/?product=yu-jing-action-pack-2\",\"name\":\"Yu Jing Action Pack - DreiD BV\",\"isPartOf\":{\"@id\":\"https:\\\/\\\/dreid.nl\\\/#website\"},\"primaryImageOfPage\":{\"@id\":\"https:\\\/\\\/dreid.nl\\\/?product=yu-jing-action-pack-2#primaryimage\"},\"image\":{\"@id\":\"https:\\\/\\\/dreid.nl\\\/?product=yu-jing-action-pack-2#primaryimage\"},\"thumbnailUrl\":\"https:\\\/\\\/dreid.nl\\\/wp-content\\\/uploads\\\/2025\\\/01\\\/yujing_ap.jpg\",\"datePublished\":\"2025-01-21T16:32:39+00:00\",\"breadcrumb\":{\"@id\":\"https:\\\/\\\/dreid.nl\\\/?product=yu-jing-action-pack-2#breadcrumb\"},\"inLanguage\":\"nl-NL\",\"potentialAction\":[{\"@type\":\"ReadAction\",\"target\":[\"https:\\\/\\\/dreid.nl\\\/?product=yu-jing-action-pack-2\"]}]},{\"@type\":\"ImageObject\",\"inLanguage\":\"nl-NL\",\"@id\":\"https:\\\/\\\/dreid.nl\\\/?product=yu-jing-action-pack-2#primaryimage\",\"url\":\"https:\\\/\\\/dreid.nl\\\/wp-content\\\/uploads\\\/2025\\\/01\\\/yujing_ap.jpg\",\"contentUrl\":\"https:\\\/\\\/dreid.nl\\\/wp-content\\\/uploads\\\/2025\\\/01\\\/yujing_ap.jpg\",\"width\":1500,\"height\":1500},{\"@type\":\"BreadcrumbList\",\"@id\":\"https:\\\/\\\/dreid.nl\\\/?product=yu-jing-action-pack-2#breadcrumb\",\"itemListElement\":[{\"@type\":\"ListItem\",\"position\":1,\"name\":\"Home\",\"item\":\"https:\\\/\\\/dreid.nl\\\/\"},{\"@type\":\"ListItem\",\"position\":2,\"name\":\"Shop\",\"item\":\"https:\\\/\\\/dreid.nl\\\/?page_id=170\"},{\"@type\":\"ListItem\",\"position\":3,\"name\":\"Yu Jing Action Pack\"}]},{\"@type\":\"WebSite\",\"@id\":\"https:\\\/\\\/dreid.nl\\\/#website\",\"url\":\"https:\\\/\\\/dreid.nl\\\/\",\"name\":\"DreiD BV\",\"description\":\"3D printen en meer\",\"publisher\":{\"@id\":\"https:\\\/\\\/dreid.nl\\\/#organization\"},\"potentialAction\":[{\"@type\":\"SearchAction\",\"target\":{\"@type\":\"EntryPoint\",\"urlTemplate\":\"https:\\\/\\\/dreid.nl\\\/?s={search_term_string}\"},\"query-input\":{\"@type\":\"PropertyValueSpecification\",\"valueRequired\":true,\"valueName\":\"search_term_string\"}}],\"inLanguage\":\"nl-NL\"},{\"@type\":\"Organization\",\"@id\":\"https:\\\/\\\/dreid.nl\\\/#organization\",\"name\":\"DreiD B.V.\",\"url\":\"https:\\\/\\\/dreid.nl\\\/\",\"logo\":{\"@type\":\"ImageObject\",\"inLanguage\":\"nl-NL\",\"@id\":\"https:\\\/\\\/dreid.nl\\\/#\\\/schema\\\/logo\\\/image\\\/\",\"url\":\"http:\\\/\\\/dreid.nl\\\/wp-content\\\/uploads\\\/2017\\\/11\\\/cropped-logo-vierkant.png\",\"contentUrl\":\"http:\\\/\\\/dreid.nl\\\/wp-content\\\/uploads\\\/2017\\\/11\\\/cropped-logo-vierkant.png\",\"width\":512,\"height\":512,\"caption\":\"DreiD B.V.\"},\"image\":{\"@id\":\"https:\\\/\\\/dreid.nl\\\/#\\\/schema\\\/logo\\\/image\\\/\"},\"sameAs\":[\"https:\\\/\\\/www.facebook.com\\\/DreiDBV\"]}]}<\/script>\n<!-- \/ Yoast SEO plugin. -->","yoast_head_json":{"title":"Yu Jing Action Pack - DreiD BV","robots":{"index":"index","follow":"follow","max-snippet":"max-snippet:-1","max-image-preview":"max-image-preview:large","max-video-preview":"max-video-preview:-1"},"canonical":"https:\/\/dreid.nl\/?product=yu-jing-action-pack-2","og_locale":"nl_NL","og_type":"article","og_title":"Yu Jing Action Pack - DreiD BV","og_description":"The second greatest nation in the Human Sphere, Yu Jing (pronounced \u201cyou cheeng\u201d), is certain that it is preordained to become the ultimate power in the Sphere. Therefore, it will not hesitate to conspire, manipulate, and scrap to achieve its lofty goals. Its perfect combination of strength and tenacity blended with the rich cultural heritage [&hellip;]","og_url":"https:\/\/dreid.nl\/?product=yu-jing-action-pack-2","og_site_name":"DreiD BV","article_publisher":"https:\/\/www.facebook.com\/DreiDBV","og_image":[{"width":1500,"height":1500,"url":"http:\/\/dreid.nl\/wp-content\/uploads\/2025\/01\/yujing_ap.jpg","type":"image\/jpeg"}],"twitter_card":"summary_large_image","twitter_misc":{"Verwachte leestijd":"2 minuten"},"schema":{"@context":"https:\/\/schema.org","@graph":[{"@type":"WebPage","@id":"https:\/\/dreid.nl\/?product=yu-jing-action-pack-2","url":"https:\/\/dreid.nl\/?product=yu-jing-action-pack-2","name":"Yu Jing Action Pack - DreiD BV","isPartOf":{"@id":"https:\/\/dreid.nl\/#website"},"primaryImageOfPage":{"@id":"https:\/\/dreid.nl\/?product=yu-jing-action-pack-2#primaryimage"},"image":{"@id":"https:\/\/dreid.nl\/?product=yu-jing-action-pack-2#primaryimage"},"thumbnailUrl":"https:\/\/dreid.nl\/wp-content\/uploads\/2025\/01\/yujing_ap.jpg","datePublished":"2025-01-21T16:32:39+00:00","breadcrumb":{"@id":"https:\/\/dreid.nl\/?product=yu-jing-action-pack-2#breadcrumb"},"inLanguage":"nl-NL","potentialAction":[{"@type":"ReadAction","target":["https:\/\/dreid.nl\/?product=yu-jing-action-pack-2"]}]},{"@type":"ImageObject","inLanguage":"nl-NL","@id":"https:\/\/dreid.nl\/?product=yu-jing-action-pack-2#primaryimage","url":"https:\/\/dreid.nl\/wp-content\/uploads\/2025\/01\/yujing_ap.jpg","contentUrl":"https:\/\/dreid.nl\/wp-content\/uploads\/2025\/01\/yujing_ap.jpg","width":1500,"height":1500},{"@type":"BreadcrumbList","@id":"https:\/\/dreid.nl\/?product=yu-jing-action-pack-2#breadcrumb","itemListElement":[{"@type":"ListItem","position":1,"name":"Home","item":"https:\/\/dreid.nl\/"},{"@type":"ListItem","position":2,"name":"Shop","item":"https:\/\/dreid.nl\/?page_id=170"},{"@type":"ListItem","position":3,"name":"Yu Jing Action Pack"}]},{"@type":"WebSite","@id":"https:\/\/dreid.nl\/#website","url":"https:\/\/dreid.nl\/","name":"DreiD BV","description":"3D printen en meer","publisher":{"@id":"https:\/\/dreid.nl\/#organization"},"potentialAction":[{"@type":"SearchAction","target":{"@type":"EntryPoint","urlTemplate":"https:\/\/dreid.nl\/?s={search_term_string}"},"query-input":{"@type":"PropertyValueSpecification","valueRequired":true,"valueName":"search_term_string"}}],"inLanguage":"nl-NL"},{"@type":"Organization","@id":"https:\/\/dreid.nl\/#organization","name":"DreiD B.V.","url":"https:\/\/dreid.nl\/","logo":{"@type":"ImageObject","inLanguage":"nl-NL","@id":"https:\/\/dreid.nl\/#\/schema\/logo\/image\/","url":"http:\/\/dreid.nl\/wp-content\/uploads\/2017\/11\/cropped-logo-vierkant.png","contentUrl":"http:\/\/dreid.nl\/wp-content\/uploads\/2017\/11\/cropped-logo-vierkant.png","width":512,"height":512,"caption":"DreiD B.V."},"image":{"@id":"https:\/\/dreid.nl\/#\/schema\/logo\/image\/"},"sameAs":["https:\/\/www.facebook.com\/DreiDBV"]}]}},"_links":{"self":[{"href":"https:\/\/dreid.nl\/index.php?rest_route=\/wp\/v2\/product\/2848","targetHints":{"allow":["GET"]}}],"collection":[{"href":"https:\/\/dreid.nl\/index.php?rest_route=\/wp\/v2\/product"}],"about":[{"href":"https:\/\/dreid.nl\/index.php?rest_route=\/wp\/v2\/types\/product"}],"wp:featuredmedia":[{"embeddable":true,"href":"https:\/\/dreid.nl\/index.php?rest_route=\/wp\/v2\/media\/2849"}],"wp:attachment":[{"href":"https:\/\/dreid.nl\/index.php?rest_route=%2Fwp%2Fv2%2Fmedia&parent=2848"}],"wp:term":[{"taxonomy":"product_brand","embeddable":true,"href":"https:\/\/dreid.nl\/index.php?rest_route=%2Fwp%2Fv2%2Fproduct_brand&post=2848"},{"taxonomy":"product_cat","embeddable":true,"href":"https:\/\/dreid.nl\/index.php?rest_route=%2Fwp%2Fv2%2Fproduct_cat&post=2848"},{"taxonomy":"product_tag","embeddable":true,"href":"https:\/\/dreid.nl\/index.php?rest_route=%2Fwp%2Fv2%2Fproduct_tag&post=2848"}],"curies":[{"name":"wp","href":"https:\/\/api.w.org\/{rel}","templated":true}]}}