{"id":2930,"date":"2025-05-29T06:13:50","date_gmt":"2025-05-29T06:13:50","guid":{"rendered":"https:\/\/dreid.nl\/?post_type=product&#038;p=2930"},"modified":"2025-05-29T06:13:50","modified_gmt":"2025-05-29T06:13:50","slug":"shindenbutai-expansion-pack-delta","status":"publish","type":"product","link":"https:\/\/dreid.nl\/?product=shindenbutai-expansion-pack-delta","title":{"rendered":"Shindenbutai Expansion Pack Delta"},"content":{"rendered":"<p>The Tanuki Team was created as an emergency response service by the corporate security division of the Amagasa keiretsu to face the increasingly challenging operational scenarios posed by the colonization of Shinju, because their facilities were often isolated and susceptible to all kinds of attacks from aggressive wildlife, raiders and thugs, rival corporations, or tactical units belonging to foreign powers. Shurayuki was a contract killer who drew the attention of the talent scouts of the B\u014dr\u014d-ch\u014d, the intelligence service of Greater Independent Japan. They offered her full immunity from prosecution in exchange for her services on behalf of the country and the Emperor.<\/p>\n<p>A deadly professional assassin and two multi-talented Medium Infantrymen that will give the Shindenbutai Fireteams you started with the Operation: Sandtrap Battle Pack (REF: OPSAND) even more punch and versatility.<\/p>\n","protected":false},"excerpt":{"rendered":"<p>The Tanuki Team was created as an emergency response service by the corporate security division of the Amagasa keiretsu to face the increasingly challenging operational scenarios posed by the colonization of Shinju, because their facilities were often isolated and susceptible to all kinds of attacks from aggressive wildlife, raiders and thugs, rival corporations, or tactical [&hellip;]<\/p>\n","protected":false},"featured_media":2931,"template":"","meta":[],"product_brand":[],"product_cat":[129],"product_tag":[],"class_list":{"0":"post-2930","1":"product","2":"type-product","3":"status-publish","4":"has-post-thumbnail","6":"product_cat-jsa","8":"first","9":"onbackorder","10":"shipping-taxable","11":"purchasable","12":"product-type-simple","13":"czr-hentry"},"yoast_head":"<!-- This site is optimized with the Yoast SEO plugin v27.4 - https:\/\/yoast.com\/product\/yoast-seo-wordpress\/ -->\n<title>Shindenbutai Expansion Pack Delta - DreiD BV<\/title>\n<meta name=\"robots\" content=\"index, follow, max-snippet:-1, max-image-preview:large, max-video-preview:-1\" \/>\n<link rel=\"canonical\" href=\"https:\/\/dreid.nl\/?product=shindenbutai-expansion-pack-delta\" \/>\n<meta property=\"og:locale\" content=\"nl_NL\" \/>\n<meta property=\"og:type\" content=\"article\" \/>\n<meta property=\"og:title\" content=\"Shindenbutai Expansion Pack Delta - DreiD BV\" \/>\n<meta property=\"og:description\" content=\"The Tanuki Team was created as an emergency response service by the corporate security division of the Amagasa keiretsu to face the increasingly challenging operational scenarios posed by the colonization of Shinju, because their facilities were often isolated and susceptible to all kinds of attacks from aggressive wildlife, raiders and thugs, rival corporations, or tactical [&hellip;]\" \/>\n<meta property=\"og:url\" content=\"https:\/\/dreid.nl\/?product=shindenbutai-expansion-pack-delta\" \/>\n<meta property=\"og:site_name\" content=\"DreiD BV\" \/>\n<meta property=\"article:publisher\" content=\"https:\/\/www.facebook.com\/DreiDBV\" \/>\n<meta property=\"og:image\" content=\"http:\/\/dreid.nl\/wp-content\/uploads\/2025\/05\/shindenbutai-expansion-pack-delta-4.webp\" \/>\n\t<meta property=\"og:image:width\" content=\"921\" \/>\n\t<meta property=\"og:image:height\" content=\"691\" \/>\n\t<meta property=\"og:image:type\" content=\"image\/webp\" \/>\n<meta name=\"twitter:card\" content=\"summary_large_image\" \/>\n<meta name=\"twitter:label1\" content=\"Verwachte leestijd\" \/>\n\t<meta name=\"twitter:data1\" content=\"1 minuut\" \/>\n<script type=\"application\/ld+json\" class=\"yoast-schema-graph\">{\"@context\":\"https:\\\/\\\/schema.org\",\"@graph\":[{\"@type\":\"WebPage\",\"@id\":\"https:\\\/\\\/dreid.nl\\\/?product=shindenbutai-expansion-pack-delta\",\"url\":\"https:\\\/\\\/dreid.nl\\\/?product=shindenbutai-expansion-pack-delta\",\"name\":\"Shindenbutai Expansion Pack Delta - DreiD BV\",\"isPartOf\":{\"@id\":\"https:\\\/\\\/dreid.nl\\\/#website\"},\"primaryImageOfPage\":{\"@id\":\"https:\\\/\\\/dreid.nl\\\/?product=shindenbutai-expansion-pack-delta#primaryimage\"},\"image\":{\"@id\":\"https:\\\/\\\/dreid.nl\\\/?product=shindenbutai-expansion-pack-delta#primaryimage\"},\"thumbnailUrl\":\"https:\\\/\\\/dreid.nl\\\/wp-content\\\/uploads\\\/2025\\\/05\\\/shindenbutai-expansion-pack-delta-4.webp\",\"datePublished\":\"2025-05-29T06:13:50+00:00\",\"breadcrumb\":{\"@id\":\"https:\\\/\\\/dreid.nl\\\/?product=shindenbutai-expansion-pack-delta#breadcrumb\"},\"inLanguage\":\"nl-NL\",\"potentialAction\":[{\"@type\":\"ReadAction\",\"target\":[\"https:\\\/\\\/dreid.nl\\\/?product=shindenbutai-expansion-pack-delta\"]}]},{\"@type\":\"ImageObject\",\"inLanguage\":\"nl-NL\",\"@id\":\"https:\\\/\\\/dreid.nl\\\/?product=shindenbutai-expansion-pack-delta#primaryimage\",\"url\":\"https:\\\/\\\/dreid.nl\\\/wp-content\\\/uploads\\\/2025\\\/05\\\/shindenbutai-expansion-pack-delta-4.webp\",\"contentUrl\":\"https:\\\/\\\/dreid.nl\\\/wp-content\\\/uploads\\\/2025\\\/05\\\/shindenbutai-expansion-pack-delta-4.webp\",\"width\":921,\"height\":691},{\"@type\":\"BreadcrumbList\",\"@id\":\"https:\\\/\\\/dreid.nl\\\/?product=shindenbutai-expansion-pack-delta#breadcrumb\",\"itemListElement\":[{\"@type\":\"ListItem\",\"position\":1,\"name\":\"Home\",\"item\":\"https:\\\/\\\/dreid.nl\\\/\"},{\"@type\":\"ListItem\",\"position\":2,\"name\":\"Shop\",\"item\":\"https:\\\/\\\/dreid.nl\\\/?page_id=170\"},{\"@type\":\"ListItem\",\"position\":3,\"name\":\"Shindenbutai Expansion Pack Delta\"}]},{\"@type\":\"WebSite\",\"@id\":\"https:\\\/\\\/dreid.nl\\\/#website\",\"url\":\"https:\\\/\\\/dreid.nl\\\/\",\"name\":\"DreiD BV\",\"description\":\"3D printen en meer\",\"publisher\":{\"@id\":\"https:\\\/\\\/dreid.nl\\\/#organization\"},\"potentialAction\":[{\"@type\":\"SearchAction\",\"target\":{\"@type\":\"EntryPoint\",\"urlTemplate\":\"https:\\\/\\\/dreid.nl\\\/?s={search_term_string}\"},\"query-input\":{\"@type\":\"PropertyValueSpecification\",\"valueRequired\":true,\"valueName\":\"search_term_string\"}}],\"inLanguage\":\"nl-NL\"},{\"@type\":\"Organization\",\"@id\":\"https:\\\/\\\/dreid.nl\\\/#organization\",\"name\":\"DreiD B.V.\",\"url\":\"https:\\\/\\\/dreid.nl\\\/\",\"logo\":{\"@type\":\"ImageObject\",\"inLanguage\":\"nl-NL\",\"@id\":\"https:\\\/\\\/dreid.nl\\\/#\\\/schema\\\/logo\\\/image\\\/\",\"url\":\"http:\\\/\\\/dreid.nl\\\/wp-content\\\/uploads\\\/2017\\\/11\\\/cropped-logo-vierkant.png\",\"contentUrl\":\"http:\\\/\\\/dreid.nl\\\/wp-content\\\/uploads\\\/2017\\\/11\\\/cropped-logo-vierkant.png\",\"width\":512,\"height\":512,\"caption\":\"DreiD B.V.\"},\"image\":{\"@id\":\"https:\\\/\\\/dreid.nl\\\/#\\\/schema\\\/logo\\\/image\\\/\"},\"sameAs\":[\"https:\\\/\\\/www.facebook.com\\\/DreiDBV\"]}]}<\/script>\n<!-- \/ Yoast SEO plugin. -->","yoast_head_json":{"title":"Shindenbutai Expansion Pack Delta - DreiD BV","robots":{"index":"index","follow":"follow","max-snippet":"max-snippet:-1","max-image-preview":"max-image-preview:large","max-video-preview":"max-video-preview:-1"},"canonical":"https:\/\/dreid.nl\/?product=shindenbutai-expansion-pack-delta","og_locale":"nl_NL","og_type":"article","og_title":"Shindenbutai Expansion Pack Delta - DreiD BV","og_description":"The Tanuki Team was created as an emergency response service by the corporate security division of the Amagasa keiretsu to face the increasingly challenging operational scenarios posed by the colonization of Shinju, because their facilities were often isolated and susceptible to all kinds of attacks from aggressive wildlife, raiders and thugs, rival corporations, or tactical [&hellip;]","og_url":"https:\/\/dreid.nl\/?product=shindenbutai-expansion-pack-delta","og_site_name":"DreiD BV","article_publisher":"https:\/\/www.facebook.com\/DreiDBV","og_image":[{"width":921,"height":691,"url":"http:\/\/dreid.nl\/wp-content\/uploads\/2025\/05\/shindenbutai-expansion-pack-delta-4.webp","type":"image\/webp"}],"twitter_card":"summary_large_image","twitter_misc":{"Verwachte leestijd":"1 minuut"},"schema":{"@context":"https:\/\/schema.org","@graph":[{"@type":"WebPage","@id":"https:\/\/dreid.nl\/?product=shindenbutai-expansion-pack-delta","url":"https:\/\/dreid.nl\/?product=shindenbutai-expansion-pack-delta","name":"Shindenbutai Expansion Pack Delta - DreiD BV","isPartOf":{"@id":"https:\/\/dreid.nl\/#website"},"primaryImageOfPage":{"@id":"https:\/\/dreid.nl\/?product=shindenbutai-expansion-pack-delta#primaryimage"},"image":{"@id":"https:\/\/dreid.nl\/?product=shindenbutai-expansion-pack-delta#primaryimage"},"thumbnailUrl":"https:\/\/dreid.nl\/wp-content\/uploads\/2025\/05\/shindenbutai-expansion-pack-delta-4.webp","datePublished":"2025-05-29T06:13:50+00:00","breadcrumb":{"@id":"https:\/\/dreid.nl\/?product=shindenbutai-expansion-pack-delta#breadcrumb"},"inLanguage":"nl-NL","potentialAction":[{"@type":"ReadAction","target":["https:\/\/dreid.nl\/?product=shindenbutai-expansion-pack-delta"]}]},{"@type":"ImageObject","inLanguage":"nl-NL","@id":"https:\/\/dreid.nl\/?product=shindenbutai-expansion-pack-delta#primaryimage","url":"https:\/\/dreid.nl\/wp-content\/uploads\/2025\/05\/shindenbutai-expansion-pack-delta-4.webp","contentUrl":"https:\/\/dreid.nl\/wp-content\/uploads\/2025\/05\/shindenbutai-expansion-pack-delta-4.webp","width":921,"height":691},{"@type":"BreadcrumbList","@id":"https:\/\/dreid.nl\/?product=shindenbutai-expansion-pack-delta#breadcrumb","itemListElement":[{"@type":"ListItem","position":1,"name":"Home","item":"https:\/\/dreid.nl\/"},{"@type":"ListItem","position":2,"name":"Shop","item":"https:\/\/dreid.nl\/?page_id=170"},{"@type":"ListItem","position":3,"name":"Shindenbutai Expansion Pack Delta"}]},{"@type":"WebSite","@id":"https:\/\/dreid.nl\/#website","url":"https:\/\/dreid.nl\/","name":"DreiD BV","description":"3D printen en meer","publisher":{"@id":"https:\/\/dreid.nl\/#organization"},"potentialAction":[{"@type":"SearchAction","target":{"@type":"EntryPoint","urlTemplate":"https:\/\/dreid.nl\/?s={search_term_string}"},"query-input":{"@type":"PropertyValueSpecification","valueRequired":true,"valueName":"search_term_string"}}],"inLanguage":"nl-NL"},{"@type":"Organization","@id":"https:\/\/dreid.nl\/#organization","name":"DreiD B.V.","url":"https:\/\/dreid.nl\/","logo":{"@type":"ImageObject","inLanguage":"nl-NL","@id":"https:\/\/dreid.nl\/#\/schema\/logo\/image\/","url":"http:\/\/dreid.nl\/wp-content\/uploads\/2017\/11\/cropped-logo-vierkant.png","contentUrl":"http:\/\/dreid.nl\/wp-content\/uploads\/2017\/11\/cropped-logo-vierkant.png","width":512,"height":512,"caption":"DreiD B.V."},"image":{"@id":"https:\/\/dreid.nl\/#\/schema\/logo\/image\/"},"sameAs":["https:\/\/www.facebook.com\/DreiDBV"]}]}},"_links":{"self":[{"href":"https:\/\/dreid.nl\/index.php?rest_route=\/wp\/v2\/product\/2930","targetHints":{"allow":["GET"]}}],"collection":[{"href":"https:\/\/dreid.nl\/index.php?rest_route=\/wp\/v2\/product"}],"about":[{"href":"https:\/\/dreid.nl\/index.php?rest_route=\/wp\/v2\/types\/product"}],"wp:featuredmedia":[{"embeddable":true,"href":"https:\/\/dreid.nl\/index.php?rest_route=\/wp\/v2\/media\/2931"}],"wp:attachment":[{"href":"https:\/\/dreid.nl\/index.php?rest_route=%2Fwp%2Fv2%2Fmedia&parent=2930"}],"wp:term":[{"taxonomy":"product_brand","embeddable":true,"href":"https:\/\/dreid.nl\/index.php?rest_route=%2Fwp%2Fv2%2Fproduct_brand&post=2930"},{"taxonomy":"product_cat","embeddable":true,"href":"https:\/\/dreid.nl\/index.php?rest_route=%2Fwp%2Fv2%2Fproduct_cat&post=2930"},{"taxonomy":"product_tag","embeddable":true,"href":"https:\/\/dreid.nl\/index.php?rest_route=%2Fwp%2Fv2%2Fproduct_tag&post=2930"}],"curies":[{"name":"wp","href":"https:\/\/api.w.org\/{rel}","templated":true}]}}