{"id":2942,"date":"2025-06-07T11:04:05","date_gmt":"2025-06-07T11:04:05","guid":{"rendered":"https:\/\/dreid.nl\/?post_type=product&#038;p=2942"},"modified":"2025-06-07T11:04:05","modified_gmt":"2025-06-07T11:04:05","slug":"imperial-service-expansion-pack-alpha","status":"publish","type":"product","link":"https:\/\/dreid.nl\/?product=imperial-service-expansion-pack-alpha","title":{"rendered":"Imperial Service Expansion Pack Alpha"},"content":{"rendered":"<p>The W\u00fa M\u00edng Assault Corps is a penal military regiment. All its members are denied a name and instead are given a serial number. The regiment is formed from the most<br \/>\ndangerous and violent elements of the regular Yu Jing forces, often referred to as \u201cpigs for the slaughter\u201d. All W\u00fa M\u00edng live on probation and the Zh\u00e0nying Imperial Agents are their handlers. By virtue of being the lowest rank of agent, the Zh\u00e0nying usually perform their own dirty work, making them no stranger to both shady deals and firefights.<\/p>\n<p>This box includes four miniatures for Yu Jing: one W\u00fa M\u00edng with AP HMG, one W\u00fa M\u00edng with Boarding Shotgun, one TinBot, and one Zh\u00e0nying Hacker. With this box you can form a versatile Fireteam that will function as the spearhead of the combat force from your Imperial Service Action Pack (REF: 281348-1140).<\/p>\n","protected":false},"excerpt":{"rendered":"<p>The W\u00fa M\u00edng Assault Corps is a penal military regiment. All its members are denied a name and instead are given a serial number. The regiment is formed from the most dangerous and violent elements of the regular Yu Jing forces, often referred to as \u201cpigs for the slaughter\u201d. All W\u00fa M\u00edng live on probation [&hellip;]<\/p>\n","protected":false},"featured_media":2943,"template":"","meta":[],"product_brand":[],"product_cat":[65],"product_tag":[],"class_list":{"0":"post-2942","1":"product","2":"type-product","3":"status-publish","4":"has-post-thumbnail","6":"product_cat-yu-jing","8":"first","9":"onbackorder","10":"shipping-taxable","11":"purchasable","12":"product-type-simple","13":"czr-hentry"},"yoast_head":"<!-- This site is optimized with the Yoast SEO plugin v27.4 - https:\/\/yoast.com\/product\/yoast-seo-wordpress\/ -->\n<title>Imperial Service Expansion Pack Alpha - DreiD BV<\/title>\n<meta name=\"robots\" content=\"index, follow, max-snippet:-1, max-image-preview:large, max-video-preview:-1\" \/>\n<link rel=\"canonical\" href=\"https:\/\/dreid.nl\/?product=imperial-service-expansion-pack-alpha\" \/>\n<meta property=\"og:locale\" content=\"nl_NL\" \/>\n<meta property=\"og:type\" content=\"article\" \/>\n<meta property=\"og:title\" content=\"Imperial Service Expansion Pack Alpha - DreiD BV\" \/>\n<meta property=\"og:description\" content=\"The W\u00fa M\u00edng Assault Corps is a penal military regiment. All its members are denied a name and instead are given a serial number. The regiment is formed from the most dangerous and violent elements of the regular Yu Jing forces, often referred to as \u201cpigs for the slaughter\u201d. All W\u00fa M\u00edng live on probation [&hellip;]\" \/>\n<meta property=\"og:url\" content=\"https:\/\/dreid.nl\/?product=imperial-service-expansion-pack-alpha\" \/>\n<meta property=\"og:site_name\" content=\"DreiD BV\" \/>\n<meta property=\"article:publisher\" content=\"https:\/\/www.facebook.com\/DreiDBV\" \/>\n<meta property=\"og:image\" content=\"http:\/\/dreid.nl\/wp-content\/uploads\/2025\/06\/281352-1155-Imperial-Service-Expansion-Pack-Alpha-conjunta.jpg\" \/>\n\t<meta property=\"og:image:width\" content=\"1500\" \/>\n\t<meta property=\"og:image:height\" content=\"1500\" \/>\n\t<meta property=\"og:image:type\" content=\"image\/jpeg\" \/>\n<meta name=\"twitter:card\" content=\"summary_large_image\" \/>\n<meta name=\"twitter:label1\" content=\"Verwachte leestijd\" \/>\n\t<meta name=\"twitter:data1\" content=\"1 minuut\" \/>\n<script type=\"application\/ld+json\" class=\"yoast-schema-graph\">{\"@context\":\"https:\\\/\\\/schema.org\",\"@graph\":[{\"@type\":\"WebPage\",\"@id\":\"https:\\\/\\\/dreid.nl\\\/?product=imperial-service-expansion-pack-alpha\",\"url\":\"https:\\\/\\\/dreid.nl\\\/?product=imperial-service-expansion-pack-alpha\",\"name\":\"Imperial Service Expansion Pack Alpha - DreiD BV\",\"isPartOf\":{\"@id\":\"https:\\\/\\\/dreid.nl\\\/#website\"},\"primaryImageOfPage\":{\"@id\":\"https:\\\/\\\/dreid.nl\\\/?product=imperial-service-expansion-pack-alpha#primaryimage\"},\"image\":{\"@id\":\"https:\\\/\\\/dreid.nl\\\/?product=imperial-service-expansion-pack-alpha#primaryimage\"},\"thumbnailUrl\":\"https:\\\/\\\/dreid.nl\\\/wp-content\\\/uploads\\\/2025\\\/06\\\/281352-1155-Imperial-Service-Expansion-Pack-Alpha-conjunta.jpg\",\"datePublished\":\"2025-06-07T11:04:05+00:00\",\"breadcrumb\":{\"@id\":\"https:\\\/\\\/dreid.nl\\\/?product=imperial-service-expansion-pack-alpha#breadcrumb\"},\"inLanguage\":\"nl-NL\",\"potentialAction\":[{\"@type\":\"ReadAction\",\"target\":[\"https:\\\/\\\/dreid.nl\\\/?product=imperial-service-expansion-pack-alpha\"]}]},{\"@type\":\"ImageObject\",\"inLanguage\":\"nl-NL\",\"@id\":\"https:\\\/\\\/dreid.nl\\\/?product=imperial-service-expansion-pack-alpha#primaryimage\",\"url\":\"https:\\\/\\\/dreid.nl\\\/wp-content\\\/uploads\\\/2025\\\/06\\\/281352-1155-Imperial-Service-Expansion-Pack-Alpha-conjunta.jpg\",\"contentUrl\":\"https:\\\/\\\/dreid.nl\\\/wp-content\\\/uploads\\\/2025\\\/06\\\/281352-1155-Imperial-Service-Expansion-Pack-Alpha-conjunta.jpg\",\"width\":1500,\"height\":1500},{\"@type\":\"BreadcrumbList\",\"@id\":\"https:\\\/\\\/dreid.nl\\\/?product=imperial-service-expansion-pack-alpha#breadcrumb\",\"itemListElement\":[{\"@type\":\"ListItem\",\"position\":1,\"name\":\"Home\",\"item\":\"https:\\\/\\\/dreid.nl\\\/\"},{\"@type\":\"ListItem\",\"position\":2,\"name\":\"Shop\",\"item\":\"https:\\\/\\\/dreid.nl\\\/?page_id=170\"},{\"@type\":\"ListItem\",\"position\":3,\"name\":\"Imperial Service Expansion Pack Alpha\"}]},{\"@type\":\"WebSite\",\"@id\":\"https:\\\/\\\/dreid.nl\\\/#website\",\"url\":\"https:\\\/\\\/dreid.nl\\\/\",\"name\":\"DreiD BV\",\"description\":\"3D printen en meer\",\"publisher\":{\"@id\":\"https:\\\/\\\/dreid.nl\\\/#organization\"},\"potentialAction\":[{\"@type\":\"SearchAction\",\"target\":{\"@type\":\"EntryPoint\",\"urlTemplate\":\"https:\\\/\\\/dreid.nl\\\/?s={search_term_string}\"},\"query-input\":{\"@type\":\"PropertyValueSpecification\",\"valueRequired\":true,\"valueName\":\"search_term_string\"}}],\"inLanguage\":\"nl-NL\"},{\"@type\":\"Organization\",\"@id\":\"https:\\\/\\\/dreid.nl\\\/#organization\",\"name\":\"DreiD B.V.\",\"url\":\"https:\\\/\\\/dreid.nl\\\/\",\"logo\":{\"@type\":\"ImageObject\",\"inLanguage\":\"nl-NL\",\"@id\":\"https:\\\/\\\/dreid.nl\\\/#\\\/schema\\\/logo\\\/image\\\/\",\"url\":\"http:\\\/\\\/dreid.nl\\\/wp-content\\\/uploads\\\/2017\\\/11\\\/cropped-logo-vierkant.png\",\"contentUrl\":\"http:\\\/\\\/dreid.nl\\\/wp-content\\\/uploads\\\/2017\\\/11\\\/cropped-logo-vierkant.png\",\"width\":512,\"height\":512,\"caption\":\"DreiD B.V.\"},\"image\":{\"@id\":\"https:\\\/\\\/dreid.nl\\\/#\\\/schema\\\/logo\\\/image\\\/\"},\"sameAs\":[\"https:\\\/\\\/www.facebook.com\\\/DreiDBV\"]}]}<\/script>\n<!-- \/ Yoast SEO plugin. -->","yoast_head_json":{"title":"Imperial Service Expansion Pack Alpha - DreiD BV","robots":{"index":"index","follow":"follow","max-snippet":"max-snippet:-1","max-image-preview":"max-image-preview:large","max-video-preview":"max-video-preview:-1"},"canonical":"https:\/\/dreid.nl\/?product=imperial-service-expansion-pack-alpha","og_locale":"nl_NL","og_type":"article","og_title":"Imperial Service Expansion Pack Alpha - DreiD BV","og_description":"The W\u00fa M\u00edng Assault Corps is a penal military regiment. All its members are denied a name and instead are given a serial number. The regiment is formed from the most dangerous and violent elements of the regular Yu Jing forces, often referred to as \u201cpigs for the slaughter\u201d. All W\u00fa M\u00edng live on probation [&hellip;]","og_url":"https:\/\/dreid.nl\/?product=imperial-service-expansion-pack-alpha","og_site_name":"DreiD BV","article_publisher":"https:\/\/www.facebook.com\/DreiDBV","og_image":[{"width":1500,"height":1500,"url":"http:\/\/dreid.nl\/wp-content\/uploads\/2025\/06\/281352-1155-Imperial-Service-Expansion-Pack-Alpha-conjunta.jpg","type":"image\/jpeg"}],"twitter_card":"summary_large_image","twitter_misc":{"Verwachte leestijd":"1 minuut"},"schema":{"@context":"https:\/\/schema.org","@graph":[{"@type":"WebPage","@id":"https:\/\/dreid.nl\/?product=imperial-service-expansion-pack-alpha","url":"https:\/\/dreid.nl\/?product=imperial-service-expansion-pack-alpha","name":"Imperial Service Expansion Pack Alpha - DreiD BV","isPartOf":{"@id":"https:\/\/dreid.nl\/#website"},"primaryImageOfPage":{"@id":"https:\/\/dreid.nl\/?product=imperial-service-expansion-pack-alpha#primaryimage"},"image":{"@id":"https:\/\/dreid.nl\/?product=imperial-service-expansion-pack-alpha#primaryimage"},"thumbnailUrl":"https:\/\/dreid.nl\/wp-content\/uploads\/2025\/06\/281352-1155-Imperial-Service-Expansion-Pack-Alpha-conjunta.jpg","datePublished":"2025-06-07T11:04:05+00:00","breadcrumb":{"@id":"https:\/\/dreid.nl\/?product=imperial-service-expansion-pack-alpha#breadcrumb"},"inLanguage":"nl-NL","potentialAction":[{"@type":"ReadAction","target":["https:\/\/dreid.nl\/?product=imperial-service-expansion-pack-alpha"]}]},{"@type":"ImageObject","inLanguage":"nl-NL","@id":"https:\/\/dreid.nl\/?product=imperial-service-expansion-pack-alpha#primaryimage","url":"https:\/\/dreid.nl\/wp-content\/uploads\/2025\/06\/281352-1155-Imperial-Service-Expansion-Pack-Alpha-conjunta.jpg","contentUrl":"https:\/\/dreid.nl\/wp-content\/uploads\/2025\/06\/281352-1155-Imperial-Service-Expansion-Pack-Alpha-conjunta.jpg","width":1500,"height":1500},{"@type":"BreadcrumbList","@id":"https:\/\/dreid.nl\/?product=imperial-service-expansion-pack-alpha#breadcrumb","itemListElement":[{"@type":"ListItem","position":1,"name":"Home","item":"https:\/\/dreid.nl\/"},{"@type":"ListItem","position":2,"name":"Shop","item":"https:\/\/dreid.nl\/?page_id=170"},{"@type":"ListItem","position":3,"name":"Imperial Service Expansion Pack Alpha"}]},{"@type":"WebSite","@id":"https:\/\/dreid.nl\/#website","url":"https:\/\/dreid.nl\/","name":"DreiD BV","description":"3D printen en meer","publisher":{"@id":"https:\/\/dreid.nl\/#organization"},"potentialAction":[{"@type":"SearchAction","target":{"@type":"EntryPoint","urlTemplate":"https:\/\/dreid.nl\/?s={search_term_string}"},"query-input":{"@type":"PropertyValueSpecification","valueRequired":true,"valueName":"search_term_string"}}],"inLanguage":"nl-NL"},{"@type":"Organization","@id":"https:\/\/dreid.nl\/#organization","name":"DreiD B.V.","url":"https:\/\/dreid.nl\/","logo":{"@type":"ImageObject","inLanguage":"nl-NL","@id":"https:\/\/dreid.nl\/#\/schema\/logo\/image\/","url":"http:\/\/dreid.nl\/wp-content\/uploads\/2017\/11\/cropped-logo-vierkant.png","contentUrl":"http:\/\/dreid.nl\/wp-content\/uploads\/2017\/11\/cropped-logo-vierkant.png","width":512,"height":512,"caption":"DreiD B.V."},"image":{"@id":"https:\/\/dreid.nl\/#\/schema\/logo\/image\/"},"sameAs":["https:\/\/www.facebook.com\/DreiDBV"]}]}},"_links":{"self":[{"href":"https:\/\/dreid.nl\/index.php?rest_route=\/wp\/v2\/product\/2942","targetHints":{"allow":["GET"]}}],"collection":[{"href":"https:\/\/dreid.nl\/index.php?rest_route=\/wp\/v2\/product"}],"about":[{"href":"https:\/\/dreid.nl\/index.php?rest_route=\/wp\/v2\/types\/product"}],"wp:featuredmedia":[{"embeddable":true,"href":"https:\/\/dreid.nl\/index.php?rest_route=\/wp\/v2\/media\/2943"}],"wp:attachment":[{"href":"https:\/\/dreid.nl\/index.php?rest_route=%2Fwp%2Fv2%2Fmedia&parent=2942"}],"wp:term":[{"taxonomy":"product_brand","embeddable":true,"href":"https:\/\/dreid.nl\/index.php?rest_route=%2Fwp%2Fv2%2Fproduct_brand&post=2942"},{"taxonomy":"product_cat","embeddable":true,"href":"https:\/\/dreid.nl\/index.php?rest_route=%2Fwp%2Fv2%2Fproduct_cat&post=2942"},{"taxonomy":"product_tag","embeddable":true,"href":"https:\/\/dreid.nl\/index.php?rest_route=%2Fwp%2Fv2%2Fproduct_tag&post=2942"}],"curies":[{"name":"wp","href":"https:\/\/api.w.org\/{rel}","templated":true}]}}