{"id":3010,"date":"2025-08-21T15:28:48","date_gmt":"2025-08-21T15:28:48","guid":{"rendered":"https:\/\/dreid.nl\/?post_type=product&#038;p=3010"},"modified":"2025-08-21T15:28:49","modified_gmt":"2025-08-21T15:28:49","slug":"yu-jing-hero-lei-gong-invincibles-lord-of-thunder","status":"publish","type":"product","link":"https:\/\/dreid.nl\/?product=yu-jing-hero-lei-gong-invincibles-lord-of-thunder","title":{"rendered":"Yu Jing Hero, L\u00e9i G\u014dng, Invincibles Lord of Thunder"},"content":{"rendered":"<p>Aristeia! star and symbol of the Invincible Army, L\u00e9i G\u014dng is an icon of the StateEmpire, a hero whose exploits talk for themselves, whether in the HexaDome or on the battle front. The Lord of Thunder is the harbinger of Yu Jing\u2019s future.<\/p>\n<p>Thanks to his enhanced movement, his Submachine Gun and his Multispectral Visor L1, L\u00e9i G\u014dng is a hunter to be feared. In addition, his Chain of Command Skill will get you out of a tight spot if by any chance your Lieutenant is shot down. The special character the combat force from your Yu Jing Action Pack needs.<\/p>\n","protected":false},"excerpt":{"rendered":"<p>Aristeia! star and symbol of the Invincible Army, L\u00e9i G\u014dng is an icon of the StateEmpire, a hero whose exploits talk for themselves, whether in the HexaDome or on the battle front. The Lord of Thunder is the harbinger of Yu Jing\u2019s future. Thanks to his enhanced movement, his Submachine Gun and his Multispectral Visor [&hellip;]<\/p>\n","protected":false},"featured_media":3011,"template":"","meta":[],"product_brand":[],"product_cat":[65],"product_tag":[],"class_list":{"0":"post-3010","1":"product","2":"type-product","3":"status-publish","4":"has-post-thumbnail","6":"product_cat-yu-jing","8":"first","9":"onbackorder","10":"shipping-taxable","11":"purchasable","12":"product-type-simple","13":"czr-hentry"},"yoast_head":"<!-- This site is optimized with the Yoast SEO plugin v27.4 - https:\/\/yoast.com\/product\/yoast-seo-wordpress\/ -->\n<title>Yu Jing Hero, L\u00e9i G\u014dng, Invincibles Lord of Thunder - DreiD BV<\/title>\n<meta name=\"robots\" content=\"index, follow, max-snippet:-1, max-image-preview:large, max-video-preview:-1\" \/>\n<link rel=\"canonical\" href=\"https:\/\/dreid.nl\/?product=yu-jing-hero-lei-gong-invincibles-lord-of-thunder\" \/>\n<meta property=\"og:locale\" content=\"nl_NL\" \/>\n<meta property=\"og:type\" content=\"article\" \/>\n<meta property=\"og:title\" content=\"Yu Jing Hero, L\u00e9i G\u014dng, Invincibles Lord of Thunder - DreiD BV\" \/>\n<meta property=\"og:description\" content=\"Aristeia! star and symbol of the Invincible Army, L\u00e9i G\u014dng is an icon of the StateEmpire, a hero whose exploits talk for themselves, whether in the HexaDome or on the battle front. The Lord of Thunder is the harbinger of Yu Jing\u2019s future. Thanks to his enhanced movement, his Submachine Gun and his Multispectral Visor [&hellip;]\" \/>\n<meta property=\"og:url\" content=\"https:\/\/dreid.nl\/?product=yu-jing-hero-lei-gong-invincibles-lord-of-thunder\" \/>\n<meta property=\"og:site_name\" content=\"DreiD BV\" \/>\n<meta property=\"article:publisher\" content=\"https:\/\/www.facebook.com\/DreiDBV\" \/>\n<meta property=\"article:modified_time\" content=\"2025-08-21T15:28:49+00:00\" \/>\n<meta property=\"og:image\" content=\"http:\/\/dreid.nl\/wp-content\/uploads\/2025\/08\/yu-jing-hero-lei-g-ng-invincibles-lord-thunder-4.webp\" \/>\n\t<meta property=\"og:image:width\" content=\"921\" \/>\n\t<meta property=\"og:image:height\" content=\"691\" \/>\n\t<meta property=\"og:image:type\" content=\"image\/webp\" \/>\n<meta name=\"twitter:card\" content=\"summary_large_image\" \/>\n<meta name=\"twitter:label1\" content=\"Verwachte leestijd\" \/>\n\t<meta name=\"twitter:data1\" content=\"1 minuut\" \/>\n<script type=\"application\/ld+json\" class=\"yoast-schema-graph\">{\"@context\":\"https:\\\/\\\/schema.org\",\"@graph\":[{\"@type\":\"WebPage\",\"@id\":\"https:\\\/\\\/dreid.nl\\\/?product=yu-jing-hero-lei-gong-invincibles-lord-of-thunder\",\"url\":\"https:\\\/\\\/dreid.nl\\\/?product=yu-jing-hero-lei-gong-invincibles-lord-of-thunder\",\"name\":\"Yu Jing Hero, L\u00e9i G\u014dng, Invincibles Lord of Thunder - DreiD BV\",\"isPartOf\":{\"@id\":\"https:\\\/\\\/dreid.nl\\\/#website\"},\"primaryImageOfPage\":{\"@id\":\"https:\\\/\\\/dreid.nl\\\/?product=yu-jing-hero-lei-gong-invincibles-lord-of-thunder#primaryimage\"},\"image\":{\"@id\":\"https:\\\/\\\/dreid.nl\\\/?product=yu-jing-hero-lei-gong-invincibles-lord-of-thunder#primaryimage\"},\"thumbnailUrl\":\"https:\\\/\\\/dreid.nl\\\/wp-content\\\/uploads\\\/2025\\\/08\\\/yu-jing-hero-lei-g-ng-invincibles-lord-thunder-4.webp\",\"datePublished\":\"2025-08-21T15:28:48+00:00\",\"dateModified\":\"2025-08-21T15:28:49+00:00\",\"breadcrumb\":{\"@id\":\"https:\\\/\\\/dreid.nl\\\/?product=yu-jing-hero-lei-gong-invincibles-lord-of-thunder#breadcrumb\"},\"inLanguage\":\"nl-NL\",\"potentialAction\":[{\"@type\":\"ReadAction\",\"target\":[\"https:\\\/\\\/dreid.nl\\\/?product=yu-jing-hero-lei-gong-invincibles-lord-of-thunder\"]}]},{\"@type\":\"ImageObject\",\"inLanguage\":\"nl-NL\",\"@id\":\"https:\\\/\\\/dreid.nl\\\/?product=yu-jing-hero-lei-gong-invincibles-lord-of-thunder#primaryimage\",\"url\":\"https:\\\/\\\/dreid.nl\\\/wp-content\\\/uploads\\\/2025\\\/08\\\/yu-jing-hero-lei-g-ng-invincibles-lord-thunder-4.webp\",\"contentUrl\":\"https:\\\/\\\/dreid.nl\\\/wp-content\\\/uploads\\\/2025\\\/08\\\/yu-jing-hero-lei-g-ng-invincibles-lord-thunder-4.webp\",\"width\":921,\"height\":691},{\"@type\":\"BreadcrumbList\",\"@id\":\"https:\\\/\\\/dreid.nl\\\/?product=yu-jing-hero-lei-gong-invincibles-lord-of-thunder#breadcrumb\",\"itemListElement\":[{\"@type\":\"ListItem\",\"position\":1,\"name\":\"Home\",\"item\":\"https:\\\/\\\/dreid.nl\\\/\"},{\"@type\":\"ListItem\",\"position\":2,\"name\":\"Shop\",\"item\":\"https:\\\/\\\/dreid.nl\\\/?page_id=170\"},{\"@type\":\"ListItem\",\"position\":3,\"name\":\"Yu Jing Hero, L\u00e9i G\u014dng, Invincibles Lord of Thunder\"}]},{\"@type\":\"WebSite\",\"@id\":\"https:\\\/\\\/dreid.nl\\\/#website\",\"url\":\"https:\\\/\\\/dreid.nl\\\/\",\"name\":\"DreiD BV\",\"description\":\"3D printen en meer\",\"publisher\":{\"@id\":\"https:\\\/\\\/dreid.nl\\\/#organization\"},\"potentialAction\":[{\"@type\":\"SearchAction\",\"target\":{\"@type\":\"EntryPoint\",\"urlTemplate\":\"https:\\\/\\\/dreid.nl\\\/?s={search_term_string}\"},\"query-input\":{\"@type\":\"PropertyValueSpecification\",\"valueRequired\":true,\"valueName\":\"search_term_string\"}}],\"inLanguage\":\"nl-NL\"},{\"@type\":\"Organization\",\"@id\":\"https:\\\/\\\/dreid.nl\\\/#organization\",\"name\":\"DreiD B.V.\",\"url\":\"https:\\\/\\\/dreid.nl\\\/\",\"logo\":{\"@type\":\"ImageObject\",\"inLanguage\":\"nl-NL\",\"@id\":\"https:\\\/\\\/dreid.nl\\\/#\\\/schema\\\/logo\\\/image\\\/\",\"url\":\"http:\\\/\\\/dreid.nl\\\/wp-content\\\/uploads\\\/2017\\\/11\\\/cropped-logo-vierkant.png\",\"contentUrl\":\"http:\\\/\\\/dreid.nl\\\/wp-content\\\/uploads\\\/2017\\\/11\\\/cropped-logo-vierkant.png\",\"width\":512,\"height\":512,\"caption\":\"DreiD B.V.\"},\"image\":{\"@id\":\"https:\\\/\\\/dreid.nl\\\/#\\\/schema\\\/logo\\\/image\\\/\"},\"sameAs\":[\"https:\\\/\\\/www.facebook.com\\\/DreiDBV\"]}]}<\/script>\n<!-- \/ Yoast SEO plugin. -->","yoast_head_json":{"title":"Yu Jing Hero, L\u00e9i G\u014dng, Invincibles Lord of Thunder - DreiD BV","robots":{"index":"index","follow":"follow","max-snippet":"max-snippet:-1","max-image-preview":"max-image-preview:large","max-video-preview":"max-video-preview:-1"},"canonical":"https:\/\/dreid.nl\/?product=yu-jing-hero-lei-gong-invincibles-lord-of-thunder","og_locale":"nl_NL","og_type":"article","og_title":"Yu Jing Hero, L\u00e9i G\u014dng, Invincibles Lord of Thunder - DreiD BV","og_description":"Aristeia! star and symbol of the Invincible Army, L\u00e9i G\u014dng is an icon of the StateEmpire, a hero whose exploits talk for themselves, whether in the HexaDome or on the battle front. The Lord of Thunder is the harbinger of Yu Jing\u2019s future. Thanks to his enhanced movement, his Submachine Gun and his Multispectral Visor [&hellip;]","og_url":"https:\/\/dreid.nl\/?product=yu-jing-hero-lei-gong-invincibles-lord-of-thunder","og_site_name":"DreiD BV","article_publisher":"https:\/\/www.facebook.com\/DreiDBV","article_modified_time":"2025-08-21T15:28:49+00:00","og_image":[{"width":921,"height":691,"url":"http:\/\/dreid.nl\/wp-content\/uploads\/2025\/08\/yu-jing-hero-lei-g-ng-invincibles-lord-thunder-4.webp","type":"image\/webp"}],"twitter_card":"summary_large_image","twitter_misc":{"Verwachte leestijd":"1 minuut"},"schema":{"@context":"https:\/\/schema.org","@graph":[{"@type":"WebPage","@id":"https:\/\/dreid.nl\/?product=yu-jing-hero-lei-gong-invincibles-lord-of-thunder","url":"https:\/\/dreid.nl\/?product=yu-jing-hero-lei-gong-invincibles-lord-of-thunder","name":"Yu Jing Hero, L\u00e9i G\u014dng, Invincibles Lord of Thunder - DreiD BV","isPartOf":{"@id":"https:\/\/dreid.nl\/#website"},"primaryImageOfPage":{"@id":"https:\/\/dreid.nl\/?product=yu-jing-hero-lei-gong-invincibles-lord-of-thunder#primaryimage"},"image":{"@id":"https:\/\/dreid.nl\/?product=yu-jing-hero-lei-gong-invincibles-lord-of-thunder#primaryimage"},"thumbnailUrl":"https:\/\/dreid.nl\/wp-content\/uploads\/2025\/08\/yu-jing-hero-lei-g-ng-invincibles-lord-thunder-4.webp","datePublished":"2025-08-21T15:28:48+00:00","dateModified":"2025-08-21T15:28:49+00:00","breadcrumb":{"@id":"https:\/\/dreid.nl\/?product=yu-jing-hero-lei-gong-invincibles-lord-of-thunder#breadcrumb"},"inLanguage":"nl-NL","potentialAction":[{"@type":"ReadAction","target":["https:\/\/dreid.nl\/?product=yu-jing-hero-lei-gong-invincibles-lord-of-thunder"]}]},{"@type":"ImageObject","inLanguage":"nl-NL","@id":"https:\/\/dreid.nl\/?product=yu-jing-hero-lei-gong-invincibles-lord-of-thunder#primaryimage","url":"https:\/\/dreid.nl\/wp-content\/uploads\/2025\/08\/yu-jing-hero-lei-g-ng-invincibles-lord-thunder-4.webp","contentUrl":"https:\/\/dreid.nl\/wp-content\/uploads\/2025\/08\/yu-jing-hero-lei-g-ng-invincibles-lord-thunder-4.webp","width":921,"height":691},{"@type":"BreadcrumbList","@id":"https:\/\/dreid.nl\/?product=yu-jing-hero-lei-gong-invincibles-lord-of-thunder#breadcrumb","itemListElement":[{"@type":"ListItem","position":1,"name":"Home","item":"https:\/\/dreid.nl\/"},{"@type":"ListItem","position":2,"name":"Shop","item":"https:\/\/dreid.nl\/?page_id=170"},{"@type":"ListItem","position":3,"name":"Yu Jing Hero, L\u00e9i G\u014dng, Invincibles Lord of Thunder"}]},{"@type":"WebSite","@id":"https:\/\/dreid.nl\/#website","url":"https:\/\/dreid.nl\/","name":"DreiD BV","description":"3D printen en meer","publisher":{"@id":"https:\/\/dreid.nl\/#organization"},"potentialAction":[{"@type":"SearchAction","target":{"@type":"EntryPoint","urlTemplate":"https:\/\/dreid.nl\/?s={search_term_string}"},"query-input":{"@type":"PropertyValueSpecification","valueRequired":true,"valueName":"search_term_string"}}],"inLanguage":"nl-NL"},{"@type":"Organization","@id":"https:\/\/dreid.nl\/#organization","name":"DreiD B.V.","url":"https:\/\/dreid.nl\/","logo":{"@type":"ImageObject","inLanguage":"nl-NL","@id":"https:\/\/dreid.nl\/#\/schema\/logo\/image\/","url":"http:\/\/dreid.nl\/wp-content\/uploads\/2017\/11\/cropped-logo-vierkant.png","contentUrl":"http:\/\/dreid.nl\/wp-content\/uploads\/2017\/11\/cropped-logo-vierkant.png","width":512,"height":512,"caption":"DreiD B.V."},"image":{"@id":"https:\/\/dreid.nl\/#\/schema\/logo\/image\/"},"sameAs":["https:\/\/www.facebook.com\/DreiDBV"]}]}},"_links":{"self":[{"href":"https:\/\/dreid.nl\/index.php?rest_route=\/wp\/v2\/product\/3010","targetHints":{"allow":["GET"]}}],"collection":[{"href":"https:\/\/dreid.nl\/index.php?rest_route=\/wp\/v2\/product"}],"about":[{"href":"https:\/\/dreid.nl\/index.php?rest_route=\/wp\/v2\/types\/product"}],"wp:featuredmedia":[{"embeddable":true,"href":"https:\/\/dreid.nl\/index.php?rest_route=\/wp\/v2\/media\/3011"}],"wp:attachment":[{"href":"https:\/\/dreid.nl\/index.php?rest_route=%2Fwp%2Fv2%2Fmedia&parent=3010"}],"wp:term":[{"taxonomy":"product_brand","embeddable":true,"href":"https:\/\/dreid.nl\/index.php?rest_route=%2Fwp%2Fv2%2Fproduct_brand&post=3010"},{"taxonomy":"product_cat","embeddable":true,"href":"https:\/\/dreid.nl\/index.php?rest_route=%2Fwp%2Fv2%2Fproduct_cat&post=3010"},{"taxonomy":"product_tag","embeddable":true,"href":"https:\/\/dreid.nl\/index.php?rest_route=%2Fwp%2Fv2%2Fproduct_tag&post=3010"}],"curies":[{"name":"wp","href":"https:\/\/api.w.org\/{rel}","templated":true}]}}